{"id":988973,"date":"2026-03-23T23:58:46","date_gmt":"2026-03-23T22:58:46","guid":{"rendered":"https:\/\/dev.pat-sege.com\/?post_type=product&#038;p=988973"},"modified":"2026-03-24T00:19:00","modified_gmt":"2026-03-23T23:19:00","slug":"spodnica-bold-kopia","status":"publish","type":"product","link":"https:\/\/dev.pat-sege.com\/en\/sklep\/wszystkie\/spodnice-wszystkie\/spodnica-bold-kopia\/","title":{"rendered":"SPODNIE RELIEF"},"content":{"rendered":"<div class=\"vgblk-rw-wrapper limit-wrapper\">Szerokie spodnie z wiskozy w modnym odcieniu ice blue \u2014 zwiewne, delikatne i zaskakuj\u0105co wszechstronne. Elastyczna gumka w pasie pozwala na \u0142atwe dopasowanie modelu do sylwetki, a lu\u017ana nogawka pi\u0119knie pracuje w ruchu. Koronkowe wyko\u0144czenie u do\u0142u to detal, kt\u00f3ry sprawia, \u017ce mimo prostego kroju spodnie wyr\u00f3\u017cniaj\u0105 si\u0119 oryginalnym, dziewcz\u0119cym charakterem. Zestawione z nasz\u0105 koszul\u0105 w groszki tworz\u0105 gotowy, sp\u00f3jny zestaw \u2014 wystarczy doda\u0107 balerinki.<\/div>\n<p><!-- .vgblk-rw-wrapper --><\/p>","protected":false},"excerpt":{"rendered":"<ul>\n<li>Delikatna wiskoza w kolorze ice blue<\/li>\n<li>Gumka w pasie dla \u0142atwego dopasowania do sylwetki<\/li>\n<li>Szeroka nogawka<\/li>\n<li>Koronkowe wyko\u0144czenie<\/li>\n<\/ul>","protected":false},"featured_media":988735,"comment_status":"closed","ping_status":"closed","template":"","meta":{"_acf_changed":false},"product_brand":[],"product_cat":[217,233,229],"product_tag":[],"class_list":{"0":"post-988973","1":"product","2":"type-product","3":"status-publish","4":"has-post-thumbnail","6":"product_cat-nowosci","7":"product_cat-spodnice-wszystkie","8":"product_cat-wszystkie","10":"first","11":"instock","12":"taxable","13":"shipping-taxable","14":"purchasable","15":"product-type-variable"},"acf":[],"_links":{"self":[{"href":"https:\/\/dev.pat-sege.com\/en\/wp-json\/wp\/v2\/product\/988973","targetHints":{"allow":["GET"]}}],"collection":[{"href":"https:\/\/dev.pat-sege.com\/en\/wp-json\/wp\/v2\/product"}],"about":[{"href":"https:\/\/dev.pat-sege.com\/en\/wp-json\/wp\/v2\/types\/product"}],"replies":[{"embeddable":true,"href":"https:\/\/dev.pat-sege.com\/en\/wp-json\/wp\/v2\/comments?post=988973"}],"wp:featuredmedia":[{"embeddable":true,"href":"https:\/\/dev.pat-sege.com\/en\/wp-json\/wp\/v2\/media\/988735"}],"wp:attachment":[{"href":"https:\/\/dev.pat-sege.com\/en\/wp-json\/wp\/v2\/media?parent=988973"}],"wp:term":[{"taxonomy":"product_brand","embeddable":true,"href":"https:\/\/dev.pat-sege.com\/en\/wp-json\/wp\/v2\/product_brand?post=988973"},{"taxonomy":"product_cat","embeddable":true,"href":"https:\/\/dev.pat-sege.com\/en\/wp-json\/wp\/v2\/product_cat?post=988973"},{"taxonomy":"product_tag","embeddable":true,"href":"https:\/\/dev.pat-sege.com\/en\/wp-json\/wp\/v2\/product_tag?post=988973"}],"curies":[{"name":"wp","href":"https:\/\/api.w.org\/{rel}","templated":true}]}}