{"id":988967,"date":"2026-03-23T23:43:29","date_gmt":"2026-03-23T22:43:29","guid":{"rendered":"https:\/\/dev.pat-sege.com\/?post_type=product&#038;p=988967"},"modified":"2026-03-23T23:57:42","modified_gmt":"2026-03-23T22:57:42","slug":"sukienka-bloom-kopia","status":"publish","type":"product","link":"https:\/\/dev.pat-sege.com\/en\/sklep\/wszystkie\/sukienki-wszystkie\/sukienka-bloom-kopia\/","title":{"rendered":"SUKIENKA ADORE"},"content":{"rendered":"<div class=\"vgblk-rw-wrapper limit-wrapper\">Mu\u015blinowa sukienka w drobny kwiatowy wz\u00f3r na sza\u0142wiowej zieleni \u2014 romantyczna, dziewcz\u0119ca, stworzona na ciep\u0142e dni. Gorsetowa g\u00f3ra zapinana na guziki wyra\u017anie zaznacza tali\u0119 i nadaje sylwetce kobiecego kszta\u0142tu, a bufiaste r\u0119kawy zako\u0144czone falbank\u0105 dodaj\u0105 ca\u0142o\u015bci lekko\u015bci i charakteru. G\u0142\u0119boki rozporek z przodu pi\u0119knie pracuje w ruchu, subtelnie eksponuj\u0105c nog\u0119 \u2014 sukienka pi\u0119knie prezentuje si\u0119 w ruchu. Sprawdzi si\u0119 na randk\u0119, letnie wesele, wyj\u015bcie na miasto, a nawet na co dzie\u0144 &#8211; bo nie potrzeba okazji by wygl\u0105da\u0107 dobrze.<\/div>\n<p><!-- .vgblk-rw-wrapper --><\/p>","protected":false},"excerpt":{"rendered":"<ul>\n<li>Materia\u0142: jasnozielony mu\u015blin w kwiaty<\/li>\n<li>Kr\u00f3j: midi, taliowany, g\u00f3ra a&#8217;la gorset<\/li>\n<li>Detale: zapi\u0119cie na guziki z przodu, bufiaste r\u0119kawy, g\u0142\u0119boki rozporek<\/li>\n<\/ul>","protected":false},"featured_media":988765,"comment_status":"closed","ping_status":"closed","template":"","meta":{"_acf_changed":false},"product_brand":[],"product_cat":[15,217,230,229],"product_tag":[],"class_list":{"0":"post-988967","1":"product","2":"type-product","3":"status-publish","4":"has-post-thumbnail","6":"product_cat-made-with-love","7":"product_cat-nowosci","8":"product_cat-sukienki-wszystkie","9":"product_cat-wszystkie","11":"first","12":"instock","13":"taxable","14":"shipping-taxable","15":"purchasable","16":"product-type-variable"},"acf":[],"_links":{"self":[{"href":"https:\/\/dev.pat-sege.com\/en\/wp-json\/wp\/v2\/product\/988967","targetHints":{"allow":["GET"]}}],"collection":[{"href":"https:\/\/dev.pat-sege.com\/en\/wp-json\/wp\/v2\/product"}],"about":[{"href":"https:\/\/dev.pat-sege.com\/en\/wp-json\/wp\/v2\/types\/product"}],"replies":[{"embeddable":true,"href":"https:\/\/dev.pat-sege.com\/en\/wp-json\/wp\/v2\/comments?post=988967"}],"wp:featuredmedia":[{"embeddable":true,"href":"https:\/\/dev.pat-sege.com\/en\/wp-json\/wp\/v2\/media\/988765"}],"wp:attachment":[{"href":"https:\/\/dev.pat-sege.com\/en\/wp-json\/wp\/v2\/media?parent=988967"}],"wp:term":[{"taxonomy":"product_brand","embeddable":true,"href":"https:\/\/dev.pat-sege.com\/en\/wp-json\/wp\/v2\/product_brand?post=988967"},{"taxonomy":"product_cat","embeddable":true,"href":"https:\/\/dev.pat-sege.com\/en\/wp-json\/wp\/v2\/product_cat?post=988967"},{"taxonomy":"product_tag","embeddable":true,"href":"https:\/\/dev.pat-sege.com\/en\/wp-json\/wp\/v2\/product_tag?post=988967"}],"curies":[{"name":"wp","href":"https:\/\/api.w.org\/{rel}","templated":true}]}}