{"id":988959,"date":"2026-03-23T22:58:40","date_gmt":"2026-03-23T21:58:40","guid":{"rendered":"https:\/\/dev.pat-sege.com\/?post_type=product&#038;p=988959"},"modified":"2026-03-23T23:42:25","modified_gmt":"2026-03-23T22:42:25","slug":"sukienka-charm-kopia","status":"publish","type":"product","link":"https:\/\/dev.pat-sege.com\/en\/sklep\/wszystkie\/sukienki-wszystkie\/sukienka-charm-kopia\/","title":{"rendered":"SUKIENKA BLOOM"},"content":{"rendered":"<div class=\"vgblk-rw-wrapper limit-wrapper\">Sukienka, kt\u00f3ra \u0142\u0105czy romantyczn\u0105 estetyk\u0119 z nowoczesn\u0105 mod\u0105. Wykonana z przewiewnej bawe\u0142ny, idealnie sprawdzi si\u0119 w cieplejsze dni, zapewniaj\u0105c komfort noszenia. Taliowana sukienka z g\u00f3r\u0105 stylizowan\u0105 na gorset pi\u0119knie podkre\u015bla sylwetk\u0119, a bufiaste r\u0119kawy i delikatny kwiatowy wz\u00f3r nadaj\u0105 ca\u0142o\u015bci dziewcz\u0119cego charakteru. D\u0142uga sp\u00f3dnica z g\u0142\u0119bokim rozporkiem z przodu gwarantuje swobod\u0119 ruch\u00f3w i dodaje stylizacji lekko\u015bci. Sukienka zapinana jest na subtelne, per\u0142owe guziki. To idealna propozycja na przyj\u0119cia na dworze, spotkania z przyjaci\u00f3\u0142mi oraz romantyczne kolacje.<\/div>\n<p><!-- .vgblk-rw-wrapper --><\/p>","protected":false},"excerpt":{"rendered":"<ul>\n<li>Materia\u0142: \u015bmietankowa bawe\u0142na w kwiatowy wz\u00f3r<\/li>\n<li>Kr\u00f3j: midi, taliowany, g\u00f3ra a&#8217;la gorset<\/li>\n<li>Detale: zapi\u0119cie na guziki z przodu, bufiaste r\u0119kawy, g\u0142\u0119boki rozporek<\/li>\n<\/ul>","protected":false},"featured_media":988965,"comment_status":"closed","ping_status":"closed","template":"","meta":{"_acf_changed":false},"product_brand":[],"product_cat":[15,217,230,229],"product_tag":[],"class_list":{"0":"post-988959","1":"product","2":"type-product","3":"status-publish","4":"has-post-thumbnail","6":"product_cat-made-with-love","7":"product_cat-nowosci","8":"product_cat-sukienki-wszystkie","9":"product_cat-wszystkie","11":"first","12":"instock","13":"taxable","14":"shipping-taxable","15":"purchasable","16":"product-type-variable"},"acf":[],"_links":{"self":[{"href":"https:\/\/dev.pat-sege.com\/en\/wp-json\/wp\/v2\/product\/988959","targetHints":{"allow":["GET"]}}],"collection":[{"href":"https:\/\/dev.pat-sege.com\/en\/wp-json\/wp\/v2\/product"}],"about":[{"href":"https:\/\/dev.pat-sege.com\/en\/wp-json\/wp\/v2\/types\/product"}],"replies":[{"embeddable":true,"href":"https:\/\/dev.pat-sege.com\/en\/wp-json\/wp\/v2\/comments?post=988959"}],"wp:featuredmedia":[{"embeddable":true,"href":"https:\/\/dev.pat-sege.com\/en\/wp-json\/wp\/v2\/media\/988965"}],"wp:attachment":[{"href":"https:\/\/dev.pat-sege.com\/en\/wp-json\/wp\/v2\/media?parent=988959"}],"wp:term":[{"taxonomy":"product_brand","embeddable":true,"href":"https:\/\/dev.pat-sege.com\/en\/wp-json\/wp\/v2\/product_brand?post=988959"},{"taxonomy":"product_cat","embeddable":true,"href":"https:\/\/dev.pat-sege.com\/en\/wp-json\/wp\/v2\/product_cat?post=988959"},{"taxonomy":"product_tag","embeddable":true,"href":"https:\/\/dev.pat-sege.com\/en\/wp-json\/wp\/v2\/product_tag?post=988959"}],"curies":[{"name":"wp","href":"https:\/\/api.w.org\/{rel}","templated":true}]}}