{"id":988948,"date":"2026-03-23T22:29:32","date_gmt":"2026-03-23T21:29:32","guid":{"rendered":"https:\/\/dev.pat-sege.com\/?post_type=product&#038;p=988948"},"modified":"2026-03-24T00:26:39","modified_gmt":"2026-03-23T23:26:39","slug":"sukienka-grace","status":"publish","type":"product","link":"https:\/\/dev.pat-sege.com\/en\/sklep\/wszystkie\/sukienki-wszystkie\/sukienka-grace\/","title":{"rendered":"SUKIENKA GRACE"},"content":{"rendered":"<div class=\"vgblk-rw-wrapper limit-wrapper\">Sukienka Grace &#8211; elegancka, kobieca, wyj\u0105tkowa. Prosta w swojej formie, ale wyj\u0105tkowo ozdobna, dzi\u0119ki pi\u0119knej koronce, z kt\u00f3rej zosta\u0142a wykonana. Bufiaste r\u0119kawy zosta\u0142y wyko\u0144czone kokard\u0105, nadaj\u0105c tej klasycznej sukience dziewcz\u0119cego charakteru. Idealna na ka\u017cd\u0105 okazj\u0119 i uroczysto\u015b\u0107. W \u015brodku znajduje si\u0119 wiskozowa podszewka, kt\u00f3ra zapewnia przewiew i jest przyjemna dla sk\u00f3ry.<\/div>\n<p><!-- .vgblk-rw-wrapper --><\/p>","protected":false},"excerpt":{"rendered":"<ul>\n<li>Materia\u0142 &#8211; koronka<\/li>\n<li>Podszewka z wiskozy<\/li>\n<li>Bufiaste r\u0119kawy z wi\u0105zaniami<\/li>\n<li>Dopasowana, d\u0142ugo\u015b\u0107 midi<\/li>\n<\/ul>","protected":false},"featured_media":988955,"comment_status":"closed","ping_status":"closed","template":"","meta":{"_acf_changed":false},"product_brand":[],"product_cat":[15,217,230,229],"product_tag":[],"class_list":{"0":"post-988948","1":"product","2":"type-product","3":"status-publish","4":"has-post-thumbnail","6":"product_cat-made-with-love","7":"product_cat-nowosci","8":"product_cat-sukienki-wszystkie","9":"product_cat-wszystkie","11":"first","12":"instock","13":"taxable","14":"shipping-taxable","15":"purchasable","16":"product-type-variable"},"acf":[],"_links":{"self":[{"href":"https:\/\/dev.pat-sege.com\/en\/wp-json\/wp\/v2\/product\/988948","targetHints":{"allow":["GET"]}}],"collection":[{"href":"https:\/\/dev.pat-sege.com\/en\/wp-json\/wp\/v2\/product"}],"about":[{"href":"https:\/\/dev.pat-sege.com\/en\/wp-json\/wp\/v2\/types\/product"}],"replies":[{"embeddable":true,"href":"https:\/\/dev.pat-sege.com\/en\/wp-json\/wp\/v2\/comments?post=988948"}],"wp:featuredmedia":[{"embeddable":true,"href":"https:\/\/dev.pat-sege.com\/en\/wp-json\/wp\/v2\/media\/988955"}],"wp:attachment":[{"href":"https:\/\/dev.pat-sege.com\/en\/wp-json\/wp\/v2\/media?parent=988948"}],"wp:term":[{"taxonomy":"product_brand","embeddable":true,"href":"https:\/\/dev.pat-sege.com\/en\/wp-json\/wp\/v2\/product_brand?post=988948"},{"taxonomy":"product_cat","embeddable":true,"href":"https:\/\/dev.pat-sege.com\/en\/wp-json\/wp\/v2\/product_cat?post=988948"},{"taxonomy":"product_tag","embeddable":true,"href":"https:\/\/dev.pat-sege.com\/en\/wp-json\/wp\/v2\/product_tag?post=988948"}],"curies":[{"name":"wp","href":"https:\/\/api.w.org\/{rel}","templated":true}]}}