{"id":988929,"date":"2026-03-23T19:14:08","date_gmt":"2026-03-23T18:14:08","guid":{"rendered":"https:\/\/dev.pat-sege.com\/?post_type=product&#038;p=988929"},"modified":"2026-03-23T22:28:54","modified_gmt":"2026-03-23T21:28:54","slug":"sukienka-charm","status":"publish","type":"product","link":"https:\/\/dev.pat-sege.com\/en\/sklep\/wszystkie\/sukienki-wszystkie\/sukienka-charm\/","title":{"rendered":"SUKIENKA CHARM"},"content":{"rendered":"<div class=\"vgblk-rw-wrapper limit-wrapper\">Sukienka Charm &#8211; dopasowana, kobieca, idealna na ka\u017cd\u0105 okazj\u0119. Uszyta z mi\u0119kkiej wiskozy, kt\u00f3ra idealne op\u0142ywa sylwetk\u0119. Groszki na r\u00f3\u017cowym tle to must have tego sezonu. To propozycja dla fanek mody retro, kt\u00f3re ceni\u0105 ponadczasow\u0105 mod\u0119. Klasyczn\u0105 form\u0119 sukienki urozmaicaj\u0105 bufiaste r\u0119kawy oraz zapinane z przodu per\u0142owe guziki.<\/div>\n<p><!-- .vgblk-rw-wrapper --><\/p>","protected":false},"excerpt":{"rendered":"<ul>\n<li>Modny wz\u00f3r &#8211; grochy<\/li>\n<li>Kr\u00f3j dopasowany, d\u0142ugo\u015b\u0107 midi, bufiaste r\u0119kawy<\/li>\n<li>Zapi\u0119cie na per\u0142owe guziki z przodu<\/li>\n<li>Idealna na co dzie\u0144 oraz wyj\u0105tkowe wydarzenia<\/li>\n<\/ul>","protected":false},"featured_media":988764,"comment_status":"closed","ping_status":"closed","template":"","meta":{"_acf_changed":false},"product_brand":[],"product_cat":[15,217,230,229],"product_tag":[],"class_list":{"0":"post-988929","1":"product","2":"type-product","3":"status-publish","4":"has-post-thumbnail","6":"product_cat-made-with-love","7":"product_cat-nowosci","8":"product_cat-sukienki-wszystkie","9":"product_cat-wszystkie","11":"first","12":"instock","13":"taxable","14":"shipping-taxable","15":"purchasable","16":"product-type-variable"},"acf":[],"_links":{"self":[{"href":"https:\/\/dev.pat-sege.com\/en\/wp-json\/wp\/v2\/product\/988929","targetHints":{"allow":["GET"]}}],"collection":[{"href":"https:\/\/dev.pat-sege.com\/en\/wp-json\/wp\/v2\/product"}],"about":[{"href":"https:\/\/dev.pat-sege.com\/en\/wp-json\/wp\/v2\/types\/product"}],"replies":[{"embeddable":true,"href":"https:\/\/dev.pat-sege.com\/en\/wp-json\/wp\/v2\/comments?post=988929"}],"wp:featuredmedia":[{"embeddable":true,"href":"https:\/\/dev.pat-sege.com\/en\/wp-json\/wp\/v2\/media\/988764"}],"wp:attachment":[{"href":"https:\/\/dev.pat-sege.com\/en\/wp-json\/wp\/v2\/media?parent=988929"}],"wp:term":[{"taxonomy":"product_brand","embeddable":true,"href":"https:\/\/dev.pat-sege.com\/en\/wp-json\/wp\/v2\/product_brand?post=988929"},{"taxonomy":"product_cat","embeddable":true,"href":"https:\/\/dev.pat-sege.com\/en\/wp-json\/wp\/v2\/product_cat?post=988929"},{"taxonomy":"product_tag","embeddable":true,"href":"https:\/\/dev.pat-sege.com\/en\/wp-json\/wp\/v2\/product_tag?post=988929"}],"curies":[{"name":"wp","href":"https:\/\/api.w.org\/{rel}","templated":true}]}}