{"id":988891,"date":"2026-03-23T18:47:45","date_gmt":"2026-03-23T17:47:45","guid":{"rendered":"https:\/\/dev.pat-sege.com\/?post_type=product&#038;p=988891"},"modified":"2026-03-30T07:52:04","modified_gmt":"2026-03-30T05:52:04","slug":"spodnica-bold","status":"publish","type":"product","link":"https:\/\/dev.pat-sege.com\/en\/sklep\/wszystkie\/spodnice-wszystkie\/spodnica-bold\/","title":{"rendered":"SP\u00d3DNICA BOLD"},"content":{"rendered":"<div class=\"vgblk-rw-wrapper limit-wrapper\">Mu\u015blinowa sp\u00f3dnica w groszki, kt\u00f3ra \u0142\u0105czy wygod\u0119 z aktualnym trendem. Tradycyjny wz\u00f3r zosta\u0142 wzbogacony o baskink\u0119, kt\u00f3ra nadaje jej modnego charakteru i pozwala na tworzenie szalonych stylizacji. Elastyczna gumka w pasie pozwala dopasowa\u0107 sp\u00f3dnic\u0119 do sylwetki i pozwala czu\u0107 si\u0119 w swobodnie przez ca\u0142y dzie\u0144. Koronkowe wyko\u0144czenie u do\u0142u to detal, kt\u00f3ry wyr\u00f3\u017cnia j\u0105 spo\u015br\u00f3d zwyk\u0142ych sp\u00f3dnic i dodaje ca\u0142o\u015bci dziewcz\u0119cego charakteru. Midi d\u0142ugo\u015b\u0107 pi\u0119knie pracuje w ruchu \u2014 idealna na wiosenne spacery, spotkania i casualowe wyj\u015bcia.<\/div>\n<p><!-- .vgblk-rw-wrapper --><\/p>","protected":false},"excerpt":{"rendered":"<ul>\n<li>Delikatny materia\u0142 mu\u015blin (bawe\u0142na)<\/li>\n<li>Wz\u00f3r w groszki<\/li>\n<li>Modna baskink\u0105<\/li>\n<li>Detale: elastyczna gumka w pasie, koronkowe wyko\u0144czenie u do\u0142u<\/li>\n<\/ul>","protected":false},"featured_media":988685,"comment_status":"closed","ping_status":"closed","template":"","meta":{"_acf_changed":false},"product_brand":[],"product_cat":[217,233,229],"product_tag":[],"class_list":{"0":"post-988891","1":"product","2":"type-product","3":"status-publish","4":"has-post-thumbnail","6":"product_cat-nowosci","7":"product_cat-spodnice-wszystkie","8":"product_cat-wszystkie","10":"first","11":"instock","12":"taxable","13":"shipping-taxable","14":"purchasable","15":"product-type-variable"},"acf":[],"_links":{"self":[{"href":"https:\/\/dev.pat-sege.com\/en\/wp-json\/wp\/v2\/product\/988891","targetHints":{"allow":["GET"]}}],"collection":[{"href":"https:\/\/dev.pat-sege.com\/en\/wp-json\/wp\/v2\/product"}],"about":[{"href":"https:\/\/dev.pat-sege.com\/en\/wp-json\/wp\/v2\/types\/product"}],"replies":[{"embeddable":true,"href":"https:\/\/dev.pat-sege.com\/en\/wp-json\/wp\/v2\/comments?post=988891"}],"wp:featuredmedia":[{"embeddable":true,"href":"https:\/\/dev.pat-sege.com\/en\/wp-json\/wp\/v2\/media\/988685"}],"wp:attachment":[{"href":"https:\/\/dev.pat-sege.com\/en\/wp-json\/wp\/v2\/media?parent=988891"}],"wp:term":[{"taxonomy":"product_brand","embeddable":true,"href":"https:\/\/dev.pat-sege.com\/en\/wp-json\/wp\/v2\/product_brand?post=988891"},{"taxonomy":"product_cat","embeddable":true,"href":"https:\/\/dev.pat-sege.com\/en\/wp-json\/wp\/v2\/product_cat?post=988891"},{"taxonomy":"product_tag","embeddable":true,"href":"https:\/\/dev.pat-sege.com\/en\/wp-json\/wp\/v2\/product_tag?post=988891"}],"curies":[{"name":"wp","href":"https:\/\/api.w.org\/{rel}","templated":true}]}}