{"id":988857,"date":"2026-03-23T17:57:41","date_gmt":"2026-03-23T16:57:41","guid":{"rendered":"https:\/\/dev.pat-sege.com\/?post_type=product&#038;p=988857"},"modified":"2026-03-23T18:26:33","modified_gmt":"2026-03-23T17:26:33","slug":"sukienka-dream","status":"publish","type":"product","link":"https:\/\/dev.pat-sege.com\/en\/sklep\/wszystkie\/sukienki-wszystkie\/sukienka-dream\/","title":{"rendered":"SUKIENKA DREAM"},"content":{"rendered":"<div class=\"vgblk-rw-wrapper limit-wrapper\">Wiskozowa sukienka mini w modnym odcieniu ice blue \u2014 mi\u0119kka, lekka i kobieca w ka\u017cdym calu. Dopasowana g\u00f3ra z dekoltem w serek p\u0142ynnie przechodzi w rozkloszowan\u0105 sp\u00f3dnic\u0119, kt\u00f3ra pi\u0119knie pracuje w ruchu. Szarfa wi\u0105zana na szyi w formie chokera to detal, kt\u00f3ry zmienia ca\u0142\u0105 sylwetk\u0119 \u2014 zmys\u0142owy, nieoczywisty i zast\u0119puj\u0105cy bi\u017cuteri\u0119. Koronkowe wyko\u0144czenie mankiet\u00f3w dodaje odrobiny delikatno\u015bci i kontrastuje z czyst\u0105, g\u0142adk\u0105 form\u0105 sukienki. Sprawdzi si\u0119 na wieczorne wyj\u015bcie, randk\u0119 czy czy przyj\u0119cie.<\/div>\n<p><!-- .vgblk-rw-wrapper --><\/p>","protected":false},"excerpt":{"rendered":"<ul>\n<li>Materia\u0142: wiskoza<\/li>\n<li>Modny kolor: ice blue<\/li>\n<li>Kr\u00f3j: mini, dopasowana g\u00f3ra, rozkloszowana sp\u00f3dnica, d\u0142ugie r\u0119kawy<\/li>\n<li>Detale: szarfa wi\u0105zana na szyi (choker), koronkowe wyko\u0144czenie r\u0119kaw\u00f3w<\/li>\n<li>Idealna na wieczorne wyj\u015bcie, przyj\u0119cie<\/li>\n<\/ul>","protected":false},"featured_media":988761,"comment_status":"closed","ping_status":"closed","template":"","meta":{"_acf_changed":false},"product_brand":[],"product_cat":[15,217,230,229],"product_tag":[],"class_list":{"0":"post-988857","1":"product","2":"type-product","3":"status-publish","4":"has-post-thumbnail","6":"product_cat-made-with-love","7":"product_cat-nowosci","8":"product_cat-sukienki-wszystkie","9":"product_cat-wszystkie","11":"first","12":"instock","13":"taxable","14":"shipping-taxable","15":"purchasable","16":"product-type-variable"},"acf":[],"_links":{"self":[{"href":"https:\/\/dev.pat-sege.com\/en\/wp-json\/wp\/v2\/product\/988857","targetHints":{"allow":["GET"]}}],"collection":[{"href":"https:\/\/dev.pat-sege.com\/en\/wp-json\/wp\/v2\/product"}],"about":[{"href":"https:\/\/dev.pat-sege.com\/en\/wp-json\/wp\/v2\/types\/product"}],"replies":[{"embeddable":true,"href":"https:\/\/dev.pat-sege.com\/en\/wp-json\/wp\/v2\/comments?post=988857"}],"wp:featuredmedia":[{"embeddable":true,"href":"https:\/\/dev.pat-sege.com\/en\/wp-json\/wp\/v2\/media\/988761"}],"wp:attachment":[{"href":"https:\/\/dev.pat-sege.com\/en\/wp-json\/wp\/v2\/media?parent=988857"}],"wp:term":[{"taxonomy":"product_brand","embeddable":true,"href":"https:\/\/dev.pat-sege.com\/en\/wp-json\/wp\/v2\/product_brand?post=988857"},{"taxonomy":"product_cat","embeddable":true,"href":"https:\/\/dev.pat-sege.com\/en\/wp-json\/wp\/v2\/product_cat?post=988857"},{"taxonomy":"product_tag","embeddable":true,"href":"https:\/\/dev.pat-sege.com\/en\/wp-json\/wp\/v2\/product_tag?post=988857"}],"curies":[{"name":"wp","href":"https:\/\/api.w.org\/{rel}","templated":true}]}}