{"id":988838,"date":"2026-03-23T17:43:34","date_gmt":"2026-03-23T16:43:34","guid":{"rendered":"https:\/\/dev.pat-sege.com\/?post_type=product&#038;p=988838"},"modified":"2026-03-24T00:24:36","modified_gmt":"2026-03-23T23:24:36","slug":"koszula-wonder","status":"publish","type":"product","link":"https:\/\/dev.pat-sege.com\/en\/sklep\/wszystkie\/koszule-wszystkie\/koszula-wonder\/","title":{"rendered":"KOSZULA WONDER"},"content":{"rendered":"<div class=\"vgblk-rw-wrapper limit-wrapper\">Klasyka w nowoczesnym wydaniu. Nasza koszula Diary zosta\u0142a uszyta z bawe\u0142ny w pi\u0119knym intensywnym odcieniu br\u0105zu. Posiada du\u017ce, bufiaste r\u0119kawy, kt\u00f3re nadaj\u0105 jej czaruj\u0105cego charakteru. Posiada du\u017cy ko\u0142nierz, kt\u00f3ry wprowadza powiew retro. Mimo wielu ozdobnych detali posiada klasyczny charakter \u2013 z \u0142atwo\u015bci\u0105 wystylizujesz j\u0105 ze sp\u00f3dnicami r\u00f3\u017cnych d\u0142ugo\u015bci oraz spodniami.<\/div>\n<p><!-- .vgblk-rw-wrapper --><\/p>","protected":false},"excerpt":{"rendered":"<ul>\n<li>Kolor baby blue<\/li>\n<li>Du\u017ce, bufiaste r\u0119kawy<\/li>\n<li>Per\u0142owe guziki<\/li>\n<li>Koronkowy ko\u0142nierz<\/li>\n<\/ul>","protected":false},"featured_media":988750,"comment_status":"closed","ping_status":"closed","template":"","meta":{"_acf_changed":false},"product_brand":[],"product_cat":[232,15,217,229],"product_tag":[],"class_list":{"0":"post-988838","1":"product","2":"type-product","3":"status-publish","4":"has-post-thumbnail","6":"product_cat-koszule-wszystkie","7":"product_cat-made-with-love","8":"product_cat-nowosci","9":"product_cat-wszystkie","11":"first","12":"instock","13":"taxable","14":"shipping-taxable","15":"purchasable","16":"product-type-variable"},"acf":[],"_links":{"self":[{"href":"https:\/\/dev.pat-sege.com\/en\/wp-json\/wp\/v2\/product\/988838","targetHints":{"allow":["GET"]}}],"collection":[{"href":"https:\/\/dev.pat-sege.com\/en\/wp-json\/wp\/v2\/product"}],"about":[{"href":"https:\/\/dev.pat-sege.com\/en\/wp-json\/wp\/v2\/types\/product"}],"replies":[{"embeddable":true,"href":"https:\/\/dev.pat-sege.com\/en\/wp-json\/wp\/v2\/comments?post=988838"}],"wp:featuredmedia":[{"embeddable":true,"href":"https:\/\/dev.pat-sege.com\/en\/wp-json\/wp\/v2\/media\/988750"}],"wp:attachment":[{"href":"https:\/\/dev.pat-sege.com\/en\/wp-json\/wp\/v2\/media?parent=988838"}],"wp:term":[{"taxonomy":"product_brand","embeddable":true,"href":"https:\/\/dev.pat-sege.com\/en\/wp-json\/wp\/v2\/product_brand?post=988838"},{"taxonomy":"product_cat","embeddable":true,"href":"https:\/\/dev.pat-sege.com\/en\/wp-json\/wp\/v2\/product_cat?post=988838"},{"taxonomy":"product_tag","embeddable":true,"href":"https:\/\/dev.pat-sege.com\/en\/wp-json\/wp\/v2\/product_tag?post=988838"}],"curies":[{"name":"wp","href":"https:\/\/api.w.org\/{rel}","templated":true}]}}