{"id":988824,"date":"2026-03-23T17:22:06","date_gmt":"2026-03-23T16:22:06","guid":{"rendered":"https:\/\/dev.pat-sege.com\/?post_type=product&#038;p=988824"},"modified":"2026-03-24T00:24:47","modified_gmt":"2026-03-23T23:24:47","slug":"koszula-serene","status":"publish","type":"product","link":"https:\/\/dev.pat-sege.com\/en\/sklep\/wszystkie\/koszule-wszystkie\/koszula-serene\/","title":{"rendered":"KOSZULA SERENE"},"content":{"rendered":"<div class=\"vgblk-rw-wrapper limit-wrapper\">Mu\u015blinowa koszula w groszki &#8211; po\u0142\u0105czenie klasyki i obecnie panuj\u0105cych trend\u00f3w. Zosta\u0142a wykonana z delikatnego, przyjemnego dla sk\u00f3ry materia\u0142u. Prostot\u0119 koszuli prze\u0142amuje ozdobny, koronkowy ko\u0142nierz, kt\u00f3ry nadaje jej charakteru i wdzi\u0119ku. Czarna, aksamitna kokarda prze\u0142amuje delikatn\u0105 kolorystyk\u0119, a per\u0142owe guziki nadaj\u0105 ca\u0142o\u015bci retro klimatu. \u015awietnie sprawdzi si\u0119 na co dzie\u0144 \u2014 zestawiona ze spodniami [nazwa] tworzy gotowy, sp\u00f3jny look.<\/div>\n<p><!-- .vgblk-rw-wrapper --><\/p>\n","protected":false},"excerpt":{"rendered":"<ul>\n<li>Materia\u0142: delikatny mu\u015blin (bawe\u0142na)<\/li>\n<li>Wz\u00f3r: czarne groszki na kremowym tle<\/li>\n<li>Kr\u00f3j: lu\u017any, d\u0142ugi r\u0119kaw<\/li>\n<li>Detale: koronkowy ko\u0142nierz z falban\u0105, czarna aksamitna kokarda, per\u0142owe guziki<\/li>\n<li>Styl: retro, vintage<\/li>\n<li>Zastosowanie: na co dzie\u0144, casualowe wyj\u015bcia<\/li>\n<\/ul>","protected":false},"featured_media":988684,"comment_status":"closed","ping_status":"closed","template":"","meta":{"_acf_changed":false},"product_brand":[],"product_cat":[232,15,217,229],"product_tag":[],"class_list":{"0":"post-988824","1":"product","2":"type-product","3":"status-publish","4":"has-post-thumbnail","6":"product_cat-koszule-wszystkie","7":"product_cat-made-with-love","8":"product_cat-nowosci","9":"product_cat-wszystkie","11":"first","12":"instock","13":"taxable","14":"shipping-taxable","15":"purchasable","16":"product-type-variable"},"acf":[],"_links":{"self":[{"href":"https:\/\/dev.pat-sege.com\/en\/wp-json\/wp\/v2\/product\/988824","targetHints":{"allow":["GET"]}}],"collection":[{"href":"https:\/\/dev.pat-sege.com\/en\/wp-json\/wp\/v2\/product"}],"about":[{"href":"https:\/\/dev.pat-sege.com\/en\/wp-json\/wp\/v2\/types\/product"}],"replies":[{"embeddable":true,"href":"https:\/\/dev.pat-sege.com\/en\/wp-json\/wp\/v2\/comments?post=988824"}],"wp:featuredmedia":[{"embeddable":true,"href":"https:\/\/dev.pat-sege.com\/en\/wp-json\/wp\/v2\/media\/988684"}],"wp:attachment":[{"href":"https:\/\/dev.pat-sege.com\/en\/wp-json\/wp\/v2\/media?parent=988824"}],"wp:term":[{"taxonomy":"product_brand","embeddable":true,"href":"https:\/\/dev.pat-sege.com\/en\/wp-json\/wp\/v2\/product_brand?post=988824"},{"taxonomy":"product_cat","embeddable":true,"href":"https:\/\/dev.pat-sege.com\/en\/wp-json\/wp\/v2\/product_cat?post=988824"},{"taxonomy":"product_tag","embeddable":true,"href":"https:\/\/dev.pat-sege.com\/en\/wp-json\/wp\/v2\/product_tag?post=988824"}],"curies":[{"name":"wp","href":"https:\/\/api.w.org\/{rel}","templated":true}]}}