{"id":988817,"date":"2026-03-23T16:46:18","date_gmt":"2026-03-23T15:46:18","guid":{"rendered":"https:\/\/dev.pat-sege.com\/?post_type=product&#038;p=988817"},"modified":"2026-03-24T00:25:14","modified_gmt":"2026-03-23T23:25:14","slug":"sukienka-spark","status":"publish","type":"product","link":"https:\/\/dev.pat-sege.com\/en\/sklep\/wszystkie\/sukienki-wszystkie\/sukienka-spark\/","title":{"rendered":"SUKIENKA JOY"},"content":{"rendered":"<div class=\"vgblk-rw-wrapper limit-wrapper\">Mu\u015blinowa sukienka w groszki \u2014 klasyczny wz\u00f3r w nowoczesnym wydaniu. Sukienka posiada lu\u017any kr\u00f3j, jest mi\u0119kka i zwiewna &#8211; idealna na wiosenne i letnie dni. Du\u017cy bia\u0142y ko\u0142nierz wyko\u0144czony falbank\u0105 i czarna aksamitna kokarda to zestaw, kt\u00f3ry od razu definiuje charakter sukienki \u2014 dziewcz\u0119cy, z wyra\u017anym retro sznytem. Szerokie bia\u0142e mankiety z per\u0142owymi guzikami dope\u0142niaj\u0105 ca\u0142o\u015bci i nadaj\u0105 sukience wdzi\u0119ku. Sprawdzi si\u0119 na co dzie\u0144, ale r\u00f3wnie dobrze mo\u017cesz j\u0105 ubra\u0107 na przyj\u0119cie oraz wyj\u0105tkowe spotkania.<\/div>\n<p><!-- .vgblk-rw-wrapper --><\/p>","protected":false},"excerpt":{"rendered":"<ul>\n<li>Materia\u0142: mu\u015blin (bawe\u0142na)<\/li>\n<li>ponadczasowy wz\u00f3r &#8211; groszki<\/li>\n<li>Kr\u00f3j: lu\u017any, mini<\/li>\n<li>Detale: du\u017cy bia\u0142y ko\u0142nierz z falbank\u0105, czarna aksamitna kokarda, szerokie bia\u0142e mankiety z per\u0142owymi guzikami<\/li>\n<li>Retro styl w nowoczesnym wydaniu<\/li>\n<li>Lu\u017any fason &#8211; sprawd\u017a wymiary w tabeli<\/li>\n<\/ul>","protected":false},"featured_media":988762,"comment_status":"closed","ping_status":"closed","template":"","meta":{"_acf_changed":false},"product_brand":[],"product_cat":[15,217,230,229],"product_tag":[],"class_list":{"0":"post-988817","1":"product","2":"type-product","3":"status-publish","4":"has-post-thumbnail","6":"product_cat-made-with-love","7":"product_cat-nowosci","8":"product_cat-sukienki-wszystkie","9":"product_cat-wszystkie","11":"first","12":"instock","13":"taxable","14":"shipping-taxable","15":"purchasable","16":"product-type-variable"},"acf":[],"_links":{"self":[{"href":"https:\/\/dev.pat-sege.com\/en\/wp-json\/wp\/v2\/product\/988817","targetHints":{"allow":["GET"]}}],"collection":[{"href":"https:\/\/dev.pat-sege.com\/en\/wp-json\/wp\/v2\/product"}],"about":[{"href":"https:\/\/dev.pat-sege.com\/en\/wp-json\/wp\/v2\/types\/product"}],"replies":[{"embeddable":true,"href":"https:\/\/dev.pat-sege.com\/en\/wp-json\/wp\/v2\/comments?post=988817"}],"wp:featuredmedia":[{"embeddable":true,"href":"https:\/\/dev.pat-sege.com\/en\/wp-json\/wp\/v2\/media\/988762"}],"wp:attachment":[{"href":"https:\/\/dev.pat-sege.com\/en\/wp-json\/wp\/v2\/media?parent=988817"}],"wp:term":[{"taxonomy":"product_brand","embeddable":true,"href":"https:\/\/dev.pat-sege.com\/en\/wp-json\/wp\/v2\/product_brand?post=988817"},{"taxonomy":"product_cat","embeddable":true,"href":"https:\/\/dev.pat-sege.com\/en\/wp-json\/wp\/v2\/product_cat?post=988817"},{"taxonomy":"product_tag","embeddable":true,"href":"https:\/\/dev.pat-sege.com\/en\/wp-json\/wp\/v2\/product_tag?post=988817"}],"curies":[{"name":"wp","href":"https:\/\/api.w.org\/{rel}","templated":true}]}}