{"id":988811,"date":"2026-03-23T14:45:38","date_gmt":"2026-03-23T13:45:38","guid":{"rendered":"https:\/\/dev.pat-sege.com\/?post_type=product&#038;p=988811"},"modified":"2026-03-24T00:25:08","modified_gmt":"2026-03-23T23:25:08","slug":"sukienka-tender","status":"publish","type":"product","link":"https:\/\/dev.pat-sege.com\/en\/sklep\/wszystkie\/sukienki-wszystkie\/sukienka-tender\/","title":{"rendered":"SUKIENKA TENDER"},"content":{"rendered":"<div class=\"vgblk-rw-wrapper limit-wrapper\">Mu\u015blinowa sukienka w odcieniu pudrowego r\u00f3\u017cu z drobnym kwiatowym wzorem \u2014 romantyczna, nostalgiczna i stworzona na chwile, kt\u00f3re chce si\u0119 zapami\u0119ta\u0107. Sukienka posiada lu\u017any kr\u00f3j oraz bufiaste r\u0119kawy do \u0142okcia. Bia\u0142y ko\u0142nierz z czarnym aksamitnym wi\u0105zaniem sprawia, \u017ce sukienka jest gotow\u0105 stylizacj\u0105 \u2014 bez potrzeby si\u0119gania po bi\u017cuteri\u0119 czy dodatki. Idealna na wiosenne spacery, romantyczne wyj\u015bcie i ka\u017cd\u0105 okazj\u0119, gdy chcesz poczu\u0107 si\u0119 magicznie. <\/div>\n<p><!-- .vgblk-rw-wrapper --><\/p>","protected":false},"excerpt":{"rendered":"<ul>\n<li>Materia\u0142: mu\u015blin (bawe\u0142na)<\/li>\n<li>R\u00f3\u017c z delikatnym kwiatowym wzorem<\/li>\n<li>Kr\u00f3j: lu\u017any, midi, warstwowa sp\u00f3dnica<\/li>\n<li>Detale: bia\u0142y retro ko\u0142nierz, czarne aksamitne wi\u0105zanie, bufiaste r\u0119kawy, zapi\u0119cie na guziki z przodu<\/li>\n<li>idealna na co dzie\u0144 i specjalne okazje<\/li>\n<\/ul>","protected":false},"featured_media":988686,"comment_status":"closed","ping_status":"closed","template":"","meta":{"_acf_changed":false},"product_brand":[],"product_cat":[15,217,230,229],"product_tag":[],"class_list":{"0":"post-988811","1":"product","2":"type-product","3":"status-publish","4":"has-post-thumbnail","6":"product_cat-made-with-love","7":"product_cat-nowosci","8":"product_cat-sukienki-wszystkie","9":"product_cat-wszystkie","11":"first","12":"instock","13":"taxable","14":"shipping-taxable","15":"purchasable","16":"product-type-variable"},"acf":[],"_links":{"self":[{"href":"https:\/\/dev.pat-sege.com\/en\/wp-json\/wp\/v2\/product\/988811","targetHints":{"allow":["GET"]}}],"collection":[{"href":"https:\/\/dev.pat-sege.com\/en\/wp-json\/wp\/v2\/product"}],"about":[{"href":"https:\/\/dev.pat-sege.com\/en\/wp-json\/wp\/v2\/types\/product"}],"replies":[{"embeddable":true,"href":"https:\/\/dev.pat-sege.com\/en\/wp-json\/wp\/v2\/comments?post=988811"}],"wp:featuredmedia":[{"embeddable":true,"href":"https:\/\/dev.pat-sege.com\/en\/wp-json\/wp\/v2\/media\/988686"}],"wp:attachment":[{"href":"https:\/\/dev.pat-sege.com\/en\/wp-json\/wp\/v2\/media?parent=988811"}],"wp:term":[{"taxonomy":"product_brand","embeddable":true,"href":"https:\/\/dev.pat-sege.com\/en\/wp-json\/wp\/v2\/product_brand?post=988811"},{"taxonomy":"product_cat","embeddable":true,"href":"https:\/\/dev.pat-sege.com\/en\/wp-json\/wp\/v2\/product_cat?post=988811"},{"taxonomy":"product_tag","embeddable":true,"href":"https:\/\/dev.pat-sege.com\/en\/wp-json\/wp\/v2\/product_tag?post=988811"}],"curies":[{"name":"wp","href":"https:\/\/api.w.org\/{rel}","templated":true}]}}