{"id":988803,"date":"2026-03-23T13:38:48","date_gmt":"2026-03-23T12:38:48","guid":{"rendered":"https:\/\/dev.pat-sege.com\/?post_type=product&#038;p=988803"},"modified":"2026-03-23T14:07:15","modified_gmt":"2026-03-23T13:07:15","slug":"sukienka-freedom","status":"publish","type":"product","link":"https:\/\/dev.pat-sege.com\/en\/sklep\/wszystkie\/sukienki-wszystkie\/sukienka-freedom\/","title":{"rendered":"SUKIENKA FREEDOM"},"content":{"rendered":"<div class=\"vgblk-rw-wrapper limit-wrapper\">Freedom &#8211; to poczujesz, zak\u0142adaj\u0105c t\u0119 zwiewn\u0105 i delikatn\u0105 sukienk\u0119. Zosta\u0142a stworzona z delikatnego be\u017cowego mu\u015blinu, ozdobionego subtelnym kwiatowym wzorem, kt\u00f3ry przywo\u0142uje sielankowy klimat cottagecore. Eleganckie wi\u0105zania na plecach oraz r\u0119kawach dodaj\u0105 jej romantycznego i kobiecego charakteru. Idealna do codziennych stylizacji oraz na specjalne okazje &#8211; wesela, przyj\u0119cia &#8211; podczas kt\u00f3rych b\u0119dziesz czu\u0107 si\u0119 wyj\u0105tkowo swobodnie, ale i modnie.<\/div>\n<p><!-- .vgblk-rw-wrapper --><\/p>","protected":false},"excerpt":{"rendered":"<ul>\n<li>Materia\u0142: bawe\u0142na\n<li>\n<li>Delikatny be\u017cowy mu\u015blin z subtelnym kwiatowym wzorem\n<li>\n<li>D\u0142uga, zwiewna, o lu\u017anym kroju\n<li>\n<li>Styl: Boho, cottagecore\n<li>\n<li>Eleganckie wi\u0105zania na plecach oraz r\u0119kawach\n<li>\n<li>Charakter: Romantyczna, kobieca\n<li>\n<\/ul>","protected":false},"featured_media":988743,"comment_status":"closed","ping_status":"closed","template":"","meta":{"_acf_changed":false},"product_brand":[],"product_cat":[15,217,230,229],"product_tag":[],"class_list":{"0":"post-988803","1":"product","2":"type-product","3":"status-publish","4":"has-post-thumbnail","6":"product_cat-made-with-love","7":"product_cat-nowosci","8":"product_cat-sukienki-wszystkie","9":"product_cat-wszystkie","11":"first","12":"instock","13":"taxable","14":"shipping-taxable","15":"purchasable","16":"product-type-variable"},"acf":[],"_links":{"self":[{"href":"https:\/\/dev.pat-sege.com\/en\/wp-json\/wp\/v2\/product\/988803","targetHints":{"allow":["GET"]}}],"collection":[{"href":"https:\/\/dev.pat-sege.com\/en\/wp-json\/wp\/v2\/product"}],"about":[{"href":"https:\/\/dev.pat-sege.com\/en\/wp-json\/wp\/v2\/types\/product"}],"replies":[{"embeddable":true,"href":"https:\/\/dev.pat-sege.com\/en\/wp-json\/wp\/v2\/comments?post=988803"}],"wp:featuredmedia":[{"embeddable":true,"href":"https:\/\/dev.pat-sege.com\/en\/wp-json\/wp\/v2\/media\/988743"}],"wp:attachment":[{"href":"https:\/\/dev.pat-sege.com\/en\/wp-json\/wp\/v2\/media?parent=988803"}],"wp:term":[{"taxonomy":"product_brand","embeddable":true,"href":"https:\/\/dev.pat-sege.com\/en\/wp-json\/wp\/v2\/product_brand?post=988803"},{"taxonomy":"product_cat","embeddable":true,"href":"https:\/\/dev.pat-sege.com\/en\/wp-json\/wp\/v2\/product_cat?post=988803"},{"taxonomy":"product_tag","embeddable":true,"href":"https:\/\/dev.pat-sege.com\/en\/wp-json\/wp\/v2\/product_tag?post=988803"}],"curies":[{"name":"wp","href":"https:\/\/api.w.org\/{rel}","templated":true}]}}