{"id":988795,"date":"2026-03-23T13:18:35","date_gmt":"2026-03-23T12:18:35","guid":{"rendered":"https:\/\/dev.pat-sege.com\/?post_type=product&#038;p=988795"},"modified":"2026-03-23T18:46:07","modified_gmt":"2026-03-23T17:46:07","slug":"sukienka-desire","status":"publish","type":"product","link":"https:\/\/dev.pat-sege.com\/en\/sklep\/wszystkie\/sukienki-wszystkie\/sukienka-desire\/","title":{"rendered":"SUKIENKA PROUD"},"content":{"rendered":"<div class=\"vgblk-rw-wrapper limit-wrapper\">Czarna bawe\u0142niana sukienka mini z rozkloszowanym do\u0142em \u2014 prosta w formie, ale daleka od zwyk\u0142o\u015bci. Du\u017cy koronkowy ko\u0142nierz zajmuje niemal ca\u0142\u0105 g\u00f3r\u0119 sukienki i natychmiast przyci\u0105ga wzrok, tworz\u0105c wyrazisty kontrast z g\u0142\u0119bok\u0105 czerni\u0105. Czarny to kolor, kt\u00f3ry nigdy nie wychodzi z mody, a ta sukienka ma na niego ca\u0142kiem nowy pomys\u0142. Idealna na specjalne okazje, gdy chcesz wygl\u0105da\u0107 modnie i z klas\u0105. <\/div>\n<p><!-- .vgblk-rw-wrapper --><\/p>","protected":false},"excerpt":{"rendered":"<ul>\n<li>Materia\u0142: bawe\u0142na\n<li>\n<li>G\u0142\u0119boka czer\u0144\n<li>\n<li>Kr\u00f3j: lu\u017any, mini, d\u0142ugie r\u0119kawy\n<li>\n<li>Detale: du\u017cy koronkowy ko\u0142nierz, czarne aksamitne wi\u0105zanie\n<li>\n<li>Zastosowanie: na co dzie\u0144 oraz specjalne okazje<\/li>\n<\/ul>","protected":false},"featured_media":988739,"comment_status":"closed","ping_status":"closed","template":"","meta":{"_acf_changed":false},"product_brand":[],"product_cat":[15,217,230,229],"product_tag":[],"class_list":{"0":"post-988795","1":"product","2":"type-product","3":"status-publish","4":"has-post-thumbnail","6":"product_cat-made-with-love","7":"product_cat-nowosci","8":"product_cat-sukienki-wszystkie","9":"product_cat-wszystkie","11":"first","12":"instock","13":"taxable","14":"shipping-taxable","15":"purchasable","16":"product-type-variable"},"acf":[],"_links":{"self":[{"href":"https:\/\/dev.pat-sege.com\/en\/wp-json\/wp\/v2\/product\/988795","targetHints":{"allow":["GET"]}}],"collection":[{"href":"https:\/\/dev.pat-sege.com\/en\/wp-json\/wp\/v2\/product"}],"about":[{"href":"https:\/\/dev.pat-sege.com\/en\/wp-json\/wp\/v2\/types\/product"}],"replies":[{"embeddable":true,"href":"https:\/\/dev.pat-sege.com\/en\/wp-json\/wp\/v2\/comments?post=988795"}],"wp:featuredmedia":[{"embeddable":true,"href":"https:\/\/dev.pat-sege.com\/en\/wp-json\/wp\/v2\/media\/988739"}],"wp:attachment":[{"href":"https:\/\/dev.pat-sege.com\/en\/wp-json\/wp\/v2\/media?parent=988795"}],"wp:term":[{"taxonomy":"product_brand","embeddable":true,"href":"https:\/\/dev.pat-sege.com\/en\/wp-json\/wp\/v2\/product_brand?post=988795"},{"taxonomy":"product_cat","embeddable":true,"href":"https:\/\/dev.pat-sege.com\/en\/wp-json\/wp\/v2\/product_cat?post=988795"},{"taxonomy":"product_tag","embeddable":true,"href":"https:\/\/dev.pat-sege.com\/en\/wp-json\/wp\/v2\/product_tag?post=988795"}],"curies":[{"name":"wp","href":"https:\/\/api.w.org\/{rel}","templated":true}]}}