{"id":988788,"date":"2026-03-23T13:04:27","date_gmt":"2026-03-23T12:04:27","guid":{"rendered":"https:\/\/dev.pat-sege.com\/?post_type=product&#038;p=988788"},"modified":"2026-03-30T07:18:59","modified_gmt":"2026-03-30T05:18:59","slug":"sukienka-love","status":"publish","type":"product","link":"https:\/\/dev.pat-sege.com\/en\/sklep\/wszystkie\/sukienki-wszystkie\/sukienka-love\/","title":{"rendered":"SUKIENKA LOVE"},"content":{"rendered":"<div class=\"vgblk-rw-wrapper limit-wrapper\">Sukienka Love &#8211; zwiewna propozycja w kolorze pudrowego r\u00f3\u017cu z rozkloszowan\u0105 sp\u00f3dnic\u0105, kt\u00f3ra pi\u0119knie pracuje w ruchu. Lu\u017ana g\u00f3ra i d\u0142ugie r\u0119kawy zako\u0144czone \u015bci\u0105gaczem zapewniaj\u0105 swobod\u0119, a koronkowy ko\u0142nierz z wyra\u017anym wzorem przykuwa wzrok od pierwszego spojrzenia. Czarna aksamitna kokarda spaja ca\u0142o\u015b\u0107 i nadaje sukience wyrazistego charakteru. Sprawdzi si\u0119 na randk\u0119, urodziny czy ka\u017cde wyj\u015bcie, gdy chcesz podkre\u015bli\u0107 sw\u00f3j oryginalny styl. <\/div>\n<p><!-- .vgblk-rw-wrapper --><\/p>","protected":false},"excerpt":{"rendered":"<ul>\n<li>Materia\u0142: bawe\u0142na\n<li>\n<li>Kolor: subtelny r\u00f3\u017c\n<li>\n<li>Kr\u00f3j: lu\u017any, mini, d\u0142ugie r\u0119kawy\n<li>\n<li>Detale: du\u017cy koronkowy ko\u0142nierz, czarne aksamitne wi\u0105zanie\n<li>\n<li>Zastosowanie: na co dzie\u0144 oraz specjalne okazje<\/li>\n<\/ul>","protected":false},"featured_media":988767,"comment_status":"closed","ping_status":"closed","template":"","meta":{"_acf_changed":false},"product_brand":[],"product_cat":[15,217,230,229],"product_tag":[],"class_list":{"0":"post-988788","1":"product","2":"type-product","3":"status-publish","4":"has-post-thumbnail","6":"product_cat-made-with-love","7":"product_cat-nowosci","8":"product_cat-sukienki-wszystkie","9":"product_cat-wszystkie","11":"first","12":"instock","13":"taxable","14":"shipping-taxable","15":"purchasable","16":"product-type-variable"},"acf":[],"_links":{"self":[{"href":"https:\/\/dev.pat-sege.com\/en\/wp-json\/wp\/v2\/product\/988788","targetHints":{"allow":["GET"]}}],"collection":[{"href":"https:\/\/dev.pat-sege.com\/en\/wp-json\/wp\/v2\/product"}],"about":[{"href":"https:\/\/dev.pat-sege.com\/en\/wp-json\/wp\/v2\/types\/product"}],"replies":[{"embeddable":true,"href":"https:\/\/dev.pat-sege.com\/en\/wp-json\/wp\/v2\/comments?post=988788"}],"wp:featuredmedia":[{"embeddable":true,"href":"https:\/\/dev.pat-sege.com\/en\/wp-json\/wp\/v2\/media\/988767"}],"wp:attachment":[{"href":"https:\/\/dev.pat-sege.com\/en\/wp-json\/wp\/v2\/media?parent=988788"}],"wp:term":[{"taxonomy":"product_brand","embeddable":true,"href":"https:\/\/dev.pat-sege.com\/en\/wp-json\/wp\/v2\/product_brand?post=988788"},{"taxonomy":"product_cat","embeddable":true,"href":"https:\/\/dev.pat-sege.com\/en\/wp-json\/wp\/v2\/product_cat?post=988788"},{"taxonomy":"product_tag","embeddable":true,"href":"https:\/\/dev.pat-sege.com\/en\/wp-json\/wp\/v2\/product_tag?post=988788"}],"curies":[{"name":"wp","href":"https:\/\/api.w.org\/{rel}","templated":true}]}}