{"id":988727,"date":"2026-03-23T11:58:08","date_gmt":"2026-03-23T10:58:08","guid":{"rendered":"https:\/\/dev.pat-sege.com\/?post_type=product&#038;p=988727"},"modified":"2026-03-23T13:03:38","modified_gmt":"2026-03-23T12:03:38","slug":"__trashed","status":"publish","type":"product","link":"https:\/\/dev.pat-sege.com\/en\/sklep\/wszystkie\/sukienki-wszystkie\/__trashed\/","title":{"rendered":"SUKIENKA HOPE"},"content":{"rendered":"<div class=\"vgblk-rw-wrapper limit-wrapper\">Baby blue to jeden z najmodniejszych kolor\u00f3w sezonu \u2014 i ta sukienka nosi go wyj\u0105tkowo dobrze. Zosta\u0142a uszyta z bawe\u0142ny w delikatnym b\u0142\u0119kicie. Jej lu\u017any kr\u00f3j sprawia, \u017ce jest bardzo wygodna i przewiewna. Ogromny koronkowy ko\u0142nierz w ecru to najmocniejszy element ca\u0142ej stylizacji. Czarne aksamitne wi\u0105zanie spi\u0119te po\u015brodku buduje kontrast, kt\u00f3ry nadaje sukience charakteru i sprawia, \u017ce ca\u0142o\u015b\u0107 jest gotow\u0105 stylizacj\u0105 sam\u0105 w sobie. Idealna na wiosenne wyj\u015bcia, spotkania ze znajomymi i ka\u017cd\u0105 okazj\u0119, gdy chcesz wygl\u0105da\u0107 dziewcz\u0119co i z charakterem.\n<\/div>\n<p><!-- .vgblk-rw-wrapper --><\/p>","protected":false},"excerpt":{"rendered":"<ul>\n<li>Materia\u0142: bawe\u0142na\n<li>\n<li>Kolor: baby blue (b\u0142\u0119kit)\n<li>\n<li>Wz\u00f3r: jednolity\n<li>\n<li>Kr\u00f3j: lu\u017any, mini, d\u0142ugie r\u0119kawy z falbank\u0105\n<li>\n<li>Detale: du\u017cy koronkowy ko\u0142nierz, czarne aksamitne wi\u0105zanie\n<li>\n<li>Zastosowanie: na co dzie\u0144 oraz specjalne okazje<\/li>\n<\/ul>","protected":false},"featured_media":988786,"comment_status":"closed","ping_status":"closed","template":"","meta":{"_acf_changed":false},"product_brand":[],"product_cat":[15,217,230,229],"product_tag":[],"class_list":{"0":"post-988727","1":"product","2":"type-product","3":"status-publish","4":"has-post-thumbnail","6":"product_cat-made-with-love","7":"product_cat-nowosci","8":"product_cat-sukienki-wszystkie","9":"product_cat-wszystkie","11":"first","12":"instock","13":"taxable","14":"shipping-taxable","15":"purchasable","16":"product-type-variable"},"acf":[],"_links":{"self":[{"href":"https:\/\/dev.pat-sege.com\/en\/wp-json\/wp\/v2\/product\/988727","targetHints":{"allow":["GET"]}}],"collection":[{"href":"https:\/\/dev.pat-sege.com\/en\/wp-json\/wp\/v2\/product"}],"about":[{"href":"https:\/\/dev.pat-sege.com\/en\/wp-json\/wp\/v2\/types\/product"}],"replies":[{"embeddable":true,"href":"https:\/\/dev.pat-sege.com\/en\/wp-json\/wp\/v2\/comments?post=988727"}],"wp:featuredmedia":[{"embeddable":true,"href":"https:\/\/dev.pat-sege.com\/en\/wp-json\/wp\/v2\/media\/988786"}],"wp:attachment":[{"href":"https:\/\/dev.pat-sege.com\/en\/wp-json\/wp\/v2\/media?parent=988727"}],"wp:term":[{"taxonomy":"product_brand","embeddable":true,"href":"https:\/\/dev.pat-sege.com\/en\/wp-json\/wp\/v2\/product_brand?post=988727"},{"taxonomy":"product_cat","embeddable":true,"href":"https:\/\/dev.pat-sege.com\/en\/wp-json\/wp\/v2\/product_cat?post=988727"},{"taxonomy":"product_tag","embeddable":true,"href":"https:\/\/dev.pat-sege.com\/en\/wp-json\/wp\/v2\/product_tag?post=988727"}],"curies":[{"name":"wp","href":"https:\/\/api.w.org\/{rel}","templated":true}]}}