{"id":988672,"date":"2026-03-22T19:04:20","date_gmt":"2026-03-22T18:04:20","guid":{"rendered":"https:\/\/dev.pat-sege.com\/?post_type=product&#038;p=988672"},"modified":"2026-03-30T08:25:29","modified_gmt":"2026-03-30T06:25:29","slug":"spodnica-clara","status":"publish","type":"product","link":"https:\/\/dev.pat-sege.com\/en\/sklep\/wszystkie\/spodnice-wszystkie\/spodnica-clara\/","title":{"rendered":"SP\u00d3DNICA CLARA"},"content":{"rendered":"<div class=\"vgblk-rw-wrapper limit-wrapper\">Kr\u00f3tka sp\u00f3dnica Clara zosta\u0142a wykonana z pi\u0119knego \u017cakardu w kwiatowy wz\u00f3r. Idealna do stylizacji z lu\u017anymi koszulami i marynarkami. Powsta\u0142a w komplecie z <a href=\"https:\/\/pat-sege.com\/produkt\/zakardowa-bluzka-alice\/\">Bluzk\u0105 Alice<\/a>, ale \u015bwietnie sprawdzi si\u0119 tak\u017ce w zestawieniu z <a href=\"https:\/\/pat-sege.com\/produkt\/koronkowa-koszula-jasmine\/\">Koszul\u0105 Jasmine<\/a>.<\/div>\n<p><!-- .vgblk-rw-wrapper --><\/p>","protected":false},"excerpt":{"rendered":"<ul>\n<li>\u017bakard w kwiatowy wz\u00f3r<\/li>\n<li>D\u0142ugo\u015b\u0107 mini<\/li>\n<li>Kszta\u0142t trapezu<\/li>\n<li>Zapinana na boczny zamek<\/li>\n<\/ul>","protected":false},"featured_media":988677,"comment_status":"closed","ping_status":"closed","template":"","meta":{"_acf_changed":false},"product_brand":[],"product_cat":[233,229],"product_tag":[],"class_list":{"0":"post-988672","1":"product","2":"type-product","3":"status-publish","4":"has-post-thumbnail","6":"product_cat-spodnice-wszystkie","7":"product_cat-wszystkie","9":"first","10":"instock","11":"taxable","12":"shipping-taxable","13":"purchasable","14":"product-type-variable"},"acf":[],"_links":{"self":[{"href":"https:\/\/dev.pat-sege.com\/en\/wp-json\/wp\/v2\/product\/988672","targetHints":{"allow":["GET"]}}],"collection":[{"href":"https:\/\/dev.pat-sege.com\/en\/wp-json\/wp\/v2\/product"}],"about":[{"href":"https:\/\/dev.pat-sege.com\/en\/wp-json\/wp\/v2\/types\/product"}],"replies":[{"embeddable":true,"href":"https:\/\/dev.pat-sege.com\/en\/wp-json\/wp\/v2\/comments?post=988672"}],"wp:featuredmedia":[{"embeddable":true,"href":"https:\/\/dev.pat-sege.com\/en\/wp-json\/wp\/v2\/media\/988677"}],"wp:attachment":[{"href":"https:\/\/dev.pat-sege.com\/en\/wp-json\/wp\/v2\/media?parent=988672"}],"wp:term":[{"taxonomy":"product_brand","embeddable":true,"href":"https:\/\/dev.pat-sege.com\/en\/wp-json\/wp\/v2\/product_brand?post=988672"},{"taxonomy":"product_cat","embeddable":true,"href":"https:\/\/dev.pat-sege.com\/en\/wp-json\/wp\/v2\/product_cat?post=988672"},{"taxonomy":"product_tag","embeddable":true,"href":"https:\/\/dev.pat-sege.com\/en\/wp-json\/wp\/v2\/product_tag?post=988672"}],"curies":[{"name":"wp","href":"https:\/\/api.w.org\/{rel}","templated":true}]}}