{"id":988665,"date":"2026-03-22T18:34:15","date_gmt":"2026-03-22T17:34:15","guid":{"rendered":"https:\/\/dev.pat-sege.com\/?post_type=product&#038;p=988665"},"modified":"2026-03-22T19:01:14","modified_gmt":"2026-03-22T18:01:14","slug":"spodnica-irene","status":"publish","type":"product","link":"https:\/\/dev.pat-sege.com\/en\/sklep\/wszystkie\/spodnice-wszystkie\/spodnica-irene\/","title":{"rendered":"SP\u00d3DNICA IRENE"},"content":{"rendered":"<div class=\"vgblk-rw-wrapper limit-wrapper\">Kr\u00f3tka sp\u00f3dnica Irene zosta\u0142a wykonana z delikatnego czekoladowego sztruksu. Idealna do stylizacji z lu\u017anymi koszulami i marynarkami. Prosty kr\u00f3j sp\u00f3dnicy zosta\u0142 wzbogacony o pi\u0119kne, koronkowe wyko\u0144czenie. Powsta\u0142a w komplecie z <a href=\"https:\/\/pat-sege.com\/produkt\/brazowa-koszula-helen\/\">Koszul\u0105 Helen<\/a>, ale \u015bwietnie sprawdzi si\u0119 tak\u017ce w zestawieniu z <a href=\"https:\/\/pat-sege.com\/produkt\/koronkowa-koszula-jasmine\/\">Koszul\u0105 Jasmine<\/a>.<\/div>\n<p><!-- .vgblk-rw-wrapper --><\/p>","protected":false},"excerpt":{"rendered":"<ul>\n<li>Czekoladowy sztruks<\/li>\n<li>D\u0142ugo\u015b\u0107 mini<\/li>\n<li>Kszta\u0142t trapezu<\/li>\n<li>Zapinana na boczny zamek<\/li>\n<li>Wyko\u0144czona koronkow\u0105 ta\u015bm\u0105<\/li>\n<\/ul>","protected":false},"featured_media":988670,"comment_status":"closed","ping_status":"closed","template":"","meta":{"_acf_changed":false},"product_brand":[],"product_cat":[233,229],"product_tag":[],"class_list":{"0":"post-988665","1":"product","2":"type-product","3":"status-publish","4":"has-post-thumbnail","6":"product_cat-spodnice-wszystkie","7":"product_cat-wszystkie","9":"first","10":"instock","11":"taxable","12":"shipping-taxable","13":"purchasable","14":"product-type-variable"},"acf":[],"_links":{"self":[{"href":"https:\/\/dev.pat-sege.com\/en\/wp-json\/wp\/v2\/product\/988665","targetHints":{"allow":["GET"]}}],"collection":[{"href":"https:\/\/dev.pat-sege.com\/en\/wp-json\/wp\/v2\/product"}],"about":[{"href":"https:\/\/dev.pat-sege.com\/en\/wp-json\/wp\/v2\/types\/product"}],"replies":[{"embeddable":true,"href":"https:\/\/dev.pat-sege.com\/en\/wp-json\/wp\/v2\/comments?post=988665"}],"wp:featuredmedia":[{"embeddable":true,"href":"https:\/\/dev.pat-sege.com\/en\/wp-json\/wp\/v2\/media\/988670"}],"wp:attachment":[{"href":"https:\/\/dev.pat-sege.com\/en\/wp-json\/wp\/v2\/media?parent=988665"}],"wp:term":[{"taxonomy":"product_brand","embeddable":true,"href":"https:\/\/dev.pat-sege.com\/en\/wp-json\/wp\/v2\/product_brand?post=988665"},{"taxonomy":"product_cat","embeddable":true,"href":"https:\/\/dev.pat-sege.com\/en\/wp-json\/wp\/v2\/product_cat?post=988665"},{"taxonomy":"product_tag","embeddable":true,"href":"https:\/\/dev.pat-sege.com\/en\/wp-json\/wp\/v2\/product_tag?post=988665"}],"curies":[{"name":"wp","href":"https:\/\/api.w.org\/{rel}","templated":true}]}}