{"id":988653,"date":"2026-03-22T17:59:01","date_gmt":"2026-03-22T16:59:01","guid":{"rendered":"https:\/\/dev.pat-sege.com\/?post_type=product&#038;p=988653"},"modified":"2026-03-22T18:17:07","modified_gmt":"2026-03-22T17:17:07","slug":"koszula-jasmine-2","status":"publish","type":"product","link":"https:\/\/dev.pat-sege.com\/en\/sklep\/wszystkie\/koszule-wszystkie\/koszula-jasmine-2\/","title":{"rendered":"KOSZULA JASMINE"},"content":{"rendered":"<div class=\"vgblk-rw-wrapper limit-wrapper\">Koronkowa koszula Jasmine to idealna propozycja dla fanek mody retro i vintage. Posiada lu\u017any kr\u00f3j oraz ozdobne marszczenia na dole r\u0119kaw\u00f3w. Koszula ma charakterystyczny dla marki kszta\u0142t ko\u0142nierza, zwie\u0144czony aksamitnym wi\u0105zaniem, kt\u00f3ry sprawia, \u017ce prezentuje si\u0119 niezwykle oryginalnie i dziewcz\u0119co.<br \/>\nMimo wyrazistego wzoru, utrzymana jest w delikatnym kolorze ecru, co pozwala na \u0142atwe zestawienie jej zar\u00f3wno z kolorowymi, jak i stonowanymi sp\u00f3dnicami oraz spodniami.<\/div>\n<p><!-- .vgblk-rw-wrapper --><\/p>","protected":false},"excerpt":{"rendered":"<ul>\n<li>Koronka ecru<\/li>\n<li>Du\u017cy retro ko\u0142nierz<\/li>\n<li>Aksamitne wi\u0105zanie<\/li>\n<li>Per\u0142owe guziki<\/li>\n<li>Lu\u017any kr\u00f3j &#8211; sprawd\u017a tabel\u0119 rozmiar\u00f3w<\/li>\n<\/ul>","protected":false},"featured_media":988608,"comment_status":"closed","ping_status":"closed","template":"","meta":{"_acf_changed":false},"product_brand":[],"product_cat":[210,232,229],"product_tag":[],"class_list":{"0":"post-988653","1":"product","2":"type-product","3":"status-publish","4":"has-post-thumbnail","6":"product_cat-bestsellers","7":"product_cat-koszule-wszystkie","8":"product_cat-wszystkie","10":"first","11":"instock","12":"taxable","13":"shipping-taxable","14":"purchasable","15":"product-type-variable"},"acf":[],"_links":{"self":[{"href":"https:\/\/dev.pat-sege.com\/en\/wp-json\/wp\/v2\/product\/988653","targetHints":{"allow":["GET"]}}],"collection":[{"href":"https:\/\/dev.pat-sege.com\/en\/wp-json\/wp\/v2\/product"}],"about":[{"href":"https:\/\/dev.pat-sege.com\/en\/wp-json\/wp\/v2\/types\/product"}],"replies":[{"embeddable":true,"href":"https:\/\/dev.pat-sege.com\/en\/wp-json\/wp\/v2\/comments?post=988653"}],"wp:featuredmedia":[{"embeddable":true,"href":"https:\/\/dev.pat-sege.com\/en\/wp-json\/wp\/v2\/media\/988608"}],"wp:attachment":[{"href":"https:\/\/dev.pat-sege.com\/en\/wp-json\/wp\/v2\/media?parent=988653"}],"wp:term":[{"taxonomy":"product_brand","embeddable":true,"href":"https:\/\/dev.pat-sege.com\/en\/wp-json\/wp\/v2\/product_brand?post=988653"},{"taxonomy":"product_cat","embeddable":true,"href":"https:\/\/dev.pat-sege.com\/en\/wp-json\/wp\/v2\/product_cat?post=988653"},{"taxonomy":"product_tag","embeddable":true,"href":"https:\/\/dev.pat-sege.com\/en\/wp-json\/wp\/v2\/product_tag?post=988653"}],"curies":[{"name":"wp","href":"https:\/\/api.w.org\/{rel}","templated":true}]}}