{"id":988641,"date":"2026-03-22T17:49:37","date_gmt":"2026-03-22T16:49:37","guid":{"rendered":"https:\/\/dev.pat-sege.com\/?post_type=product&#038;p=988641"},"modified":"2026-03-22T17:56:57","modified_gmt":"2026-03-22T16:56:57","slug":"koszula-alice","status":"publish","type":"product","link":"https:\/\/dev.pat-sege.com\/en\/sklep\/wszystkie\/koszule-wszystkie\/koszula-alice\/","title":{"rendered":"KOSZULA ALICE"},"content":{"rendered":"<div class=\"vgblk-rw-wrapper limit-wrapper\">Bluzka w stylu retro o wyrazistym, kwiatowym wzorze. Model posiada du\u017cy ko\u0142nierz w kszta\u0142cie litery \u201eV\u201d, wyko\u0144czony koronkow\u0105 lam\u00f3wk\u0105 oraz bufiaste r\u0119kawy. Ca\u0142o\u015b\u0107 zwie\u0144czaj\u0105 ozdobne, per\u0142owe guziki.<br \/>\nTo propozycja idealna dla os\u00f3b lubi\u0105cych nawi\u0105zania do mody vintage oraz mocniejsze, dekoracyjne elementy w stylizacji. <\/div>\n<p><!-- .vgblk-rw-wrapper --><\/p>","protected":false},"excerpt":{"rendered":"<ul>\n<li>Pi\u0119kny \u017cakard w kwiaty<\/li>\n<li>Du\u017ce, bufiaste r\u0119kawy<\/li>\n<li>Per\u0142owe guziki<\/li>\n<li>Retro ko\u0142nierz<\/li>\n<\/ul>","protected":false},"featured_media":988647,"comment_status":"closed","ping_status":"closed","template":"","meta":{"_acf_changed":false},"product_brand":[],"product_cat":[232,229],"product_tag":[],"class_list":{"0":"post-988641","1":"product","2":"type-product","3":"status-publish","4":"has-post-thumbnail","6":"product_cat-koszule-wszystkie","7":"product_cat-wszystkie","9":"first","10":"instock","11":"taxable","12":"shipping-taxable","13":"purchasable","14":"product-type-variable"},"acf":[],"_links":{"self":[{"href":"https:\/\/dev.pat-sege.com\/en\/wp-json\/wp\/v2\/product\/988641","targetHints":{"allow":["GET"]}}],"collection":[{"href":"https:\/\/dev.pat-sege.com\/en\/wp-json\/wp\/v2\/product"}],"about":[{"href":"https:\/\/dev.pat-sege.com\/en\/wp-json\/wp\/v2\/types\/product"}],"replies":[{"embeddable":true,"href":"https:\/\/dev.pat-sege.com\/en\/wp-json\/wp\/v2\/comments?post=988641"}],"wp:featuredmedia":[{"embeddable":true,"href":"https:\/\/dev.pat-sege.com\/en\/wp-json\/wp\/v2\/media\/988647"}],"wp:attachment":[{"href":"https:\/\/dev.pat-sege.com\/en\/wp-json\/wp\/v2\/media?parent=988641"}],"wp:term":[{"taxonomy":"product_brand","embeddable":true,"href":"https:\/\/dev.pat-sege.com\/en\/wp-json\/wp\/v2\/product_brand?post=988641"},{"taxonomy":"product_cat","embeddable":true,"href":"https:\/\/dev.pat-sege.com\/en\/wp-json\/wp\/v2\/product_cat?post=988641"},{"taxonomy":"product_tag","embeddable":true,"href":"https:\/\/dev.pat-sege.com\/en\/wp-json\/wp\/v2\/product_tag?post=988641"}],"curies":[{"name":"wp","href":"https:\/\/api.w.org\/{rel}","templated":true}]}}