{"id":988629,"date":"2026-03-22T15:52:56","date_gmt":"2026-03-22T14:52:56","guid":{"rendered":"https:\/\/dev.pat-sege.com\/?post_type=product&#038;p=988629"},"modified":"2026-03-22T16:01:25","modified_gmt":"2026-03-22T15:01:25","slug":"sukienka-black-velvet","status":"publish","type":"product","link":"https:\/\/dev.pat-sege.com\/en\/sklep\/wszystkie\/sukienki-wszystkie\/sukienka-black-velvet\/","title":{"rendered":"SUKIENKA BLACK VELVET"},"content":{"rendered":"<div class=\"vgblk-rw-wrapper limit-wrapper\">Ta aksamitna czarna sukienka to idealny wyb\u00f3r zar\u00f3wno na co dzie\u0144, jak i specjaln\u0105 okazj\u0119. Du\u017cy, bawe\u0142niany ko\u0142nierz z ozdobnymi zak\u0142adkami oraz aksamitna kokarda nadaj\u0105 ca\u0142o\u015bci eleganckiego charakteru. Przyjemny w dotyku aksamit oraz lu\u017any kr\u00f3j zapewniaj\u0105 wygod\u0119 i komfort noszenia. To klasyka w nowoczesnym wydaniu.<\/p>\n<p>Sukienka posiada lu\u017any kr\u00f3j \u2013 zalecamy sprawdzenie tabeli rozmiar\u00f3w.<\/p><\/div>\n<p><!-- .vgblk-rw-wrapper --><\/p>","protected":false},"excerpt":{"rendered":"<ul>\n<li>Materia\u0142: Czarny aksamit<\/li>\n<li>Ko\u0142nierz: Du\u017cy, bawe\u0142niany, ozdobiony zak\u0142adkami<\/li>\n<li>Dodatki: Aksamitna kokarda<\/li>\n<li>Kr\u00f3j: Lu\u017any, zapewniaj\u0105cy wygod\u0119 i komfort (sprawd\u017a tabel\u0119 rozmiar\u00f3w)<\/li>\n<li>Idealna na co dzie\u0144 lub na specjalne okazje<\/li>\n<\/ul>","protected":false},"featured_media":988635,"comment_status":"closed","ping_status":"closed","template":"","meta":{"_acf_changed":false},"product_brand":[],"product_cat":[15,230,229],"product_tag":[],"class_list":{"0":"post-988629","1":"product","2":"type-product","3":"status-publish","4":"has-post-thumbnail","6":"product_cat-made-with-love","7":"product_cat-sukienki-wszystkie","8":"product_cat-wszystkie","10":"first","11":"instock","12":"taxable","13":"shipping-taxable","14":"purchasable","15":"product-type-variable"},"acf":[],"_links":{"self":[{"href":"https:\/\/dev.pat-sege.com\/en\/wp-json\/wp\/v2\/product\/988629","targetHints":{"allow":["GET"]}}],"collection":[{"href":"https:\/\/dev.pat-sege.com\/en\/wp-json\/wp\/v2\/product"}],"about":[{"href":"https:\/\/dev.pat-sege.com\/en\/wp-json\/wp\/v2\/types\/product"}],"replies":[{"embeddable":true,"href":"https:\/\/dev.pat-sege.com\/en\/wp-json\/wp\/v2\/comments?post=988629"}],"wp:featuredmedia":[{"embeddable":true,"href":"https:\/\/dev.pat-sege.com\/en\/wp-json\/wp\/v2\/media\/988635"}],"wp:attachment":[{"href":"https:\/\/dev.pat-sege.com\/en\/wp-json\/wp\/v2\/media?parent=988629"}],"wp:term":[{"taxonomy":"product_brand","embeddable":true,"href":"https:\/\/dev.pat-sege.com\/en\/wp-json\/wp\/v2\/product_brand?post=988629"},{"taxonomy":"product_cat","embeddable":true,"href":"https:\/\/dev.pat-sege.com\/en\/wp-json\/wp\/v2\/product_cat?post=988629"},{"taxonomy":"product_tag","embeddable":true,"href":"https:\/\/dev.pat-sege.com\/en\/wp-json\/wp\/v2\/product_tag?post=988629"}],"curies":[{"name":"wp","href":"https:\/\/api.w.org\/{rel}","templated":true}]}}