{"id":988621,"date":"2026-03-22T15:35:47","date_gmt":"2026-03-22T14:35:47","guid":{"rendered":"https:\/\/dev.pat-sege.com\/?post_type=product&#038;p=988621"},"modified":"2026-03-22T15:51:49","modified_gmt":"2026-03-22T14:51:49","slug":"kamizelka-twilight-rose","status":"publish","type":"product","link":"https:\/\/dev.pat-sege.com\/en\/sklep\/wszystkie\/kurtki-i-marynarki-wszystkie\/kamizelka-twilight-rose\/","title":{"rendered":"KAMIZELKA TWILIGHT ROSE"},"content":{"rendered":"<div class=\"vgblk-rw-wrapper limit-wrapper\">Kamizelka Twilight Rose to nowo\u015b\u0107, kt\u00f3ra doda ka\u017cdej stylizacji g\u0142\u0119bi i eleganckiego charakteru. Zosta\u0142a wykonana z pi\u0119knego wzorzystego \u017cakardu w kwiatowy wz\u00f3r \u2014 tkaniny o wyra\u017anej strukturze i bogatej kolorystyce. Ozdobne wi\u0105zania z przodu umo\u017cliwiaj\u0105 dopasowanie do sylwetki, co sprawia, \u017ce jest zar\u00f3wno dekoracyjna, jak i praktyczna. <\/div>\n<p><!-- .vgblk-rw-wrapper --><\/p>","protected":false},"excerpt":{"rendered":"<ul>\n<li>Ozdobny \u017cakard w kwiaty<\/li>\n<li>Wi\u0105zania z przodu<\/li>\n<\/ul>","protected":false},"featured_media":988625,"comment_status":"closed","ping_status":"closed","template":"","meta":{"_acf_changed":false},"product_brand":[],"product_cat":[231,229],"product_tag":[],"class_list":{"0":"post-988621","1":"product","2":"type-product","3":"status-publish","4":"has-post-thumbnail","6":"product_cat-kurtki-i-marynarki-wszystkie","7":"product_cat-wszystkie","9":"first","10":"instock","11":"taxable","12":"shipping-taxable","13":"purchasable","14":"product-type-variable"},"acf":[],"_links":{"self":[{"href":"https:\/\/dev.pat-sege.com\/en\/wp-json\/wp\/v2\/product\/988621","targetHints":{"allow":["GET"]}}],"collection":[{"href":"https:\/\/dev.pat-sege.com\/en\/wp-json\/wp\/v2\/product"}],"about":[{"href":"https:\/\/dev.pat-sege.com\/en\/wp-json\/wp\/v2\/types\/product"}],"replies":[{"embeddable":true,"href":"https:\/\/dev.pat-sege.com\/en\/wp-json\/wp\/v2\/comments?post=988621"}],"wp:featuredmedia":[{"embeddable":true,"href":"https:\/\/dev.pat-sege.com\/en\/wp-json\/wp\/v2\/media\/988625"}],"wp:attachment":[{"href":"https:\/\/dev.pat-sege.com\/en\/wp-json\/wp\/v2\/media?parent=988621"}],"wp:term":[{"taxonomy":"product_brand","embeddable":true,"href":"https:\/\/dev.pat-sege.com\/en\/wp-json\/wp\/v2\/product_brand?post=988621"},{"taxonomy":"product_cat","embeddable":true,"href":"https:\/\/dev.pat-sege.com\/en\/wp-json\/wp\/v2\/product_cat?post=988621"},{"taxonomy":"product_tag","embeddable":true,"href":"https:\/\/dev.pat-sege.com\/en\/wp-json\/wp\/v2\/product_tag?post=988621"}],"curies":[{"name":"wp","href":"https:\/\/api.w.org\/{rel}","templated":true}]}}