{"id":988601,"date":"2026-03-22T15:03:04","date_gmt":"2026-03-22T14:03:04","guid":{"rendered":"https:\/\/dev.pat-sege.com\/?post_type=product&#038;p=988601"},"modified":"2026-03-22T18:30:44","modified_gmt":"2026-03-22T17:30:44","slug":"koszula-jasmine","status":"publish","type":"product","link":"https:\/\/dev.pat-sege.com\/en\/sklep\/wszystkie\/koszule-wszystkie\/koszula-jasmine\/","title":{"rendered":"KOSZULA HELEN"},"content":{"rendered":"<div class=\"vgblk-rw-wrapper limit-wrapper\">Czekoladowa koszula Helen to idealna propozycja dla fanek mody retro i vintage. Posiada lu\u017any kr\u00f3j oraz ozdobne marszczenia na dole r\u0119kaw\u00f3w. Koszula ma charakterystyczny dla marki kszta\u0142t ko\u0142nierza, zwie\u0144czony aksamitnym wi\u0105zaniem, kt\u00f3ry sprawia, \u017ce prezentuje si\u0119 niezwykle oryginalnie i dziewcz\u0119co. Zosta\u0142a wykonana z drobnego sztruksu w intensywnym odcieniu br\u0105zu.<br \/>\nKoszula posiada lu\u017any kr\u00f3j \u2013 zalecamy sprawdzenie tabeli rozmiar\u00f3w.<\/div>\n<p><!-- .vgblk-rw-wrapper --><\/p>","protected":false},"excerpt":{"rendered":"<ul>\n<li>Czekoladowy sztruks<\/li>\n<li>Du\u017cy retro koronkowy ko\u0142nierz<\/li>\n<li>Aksamitne wi\u0105zanie<\/li>\n<li>Per\u0142owe guziki<\/li>\n<li>Lu\u017any kr\u00f3j<\/li>\n<\/ul>","protected":false},"featured_media":988660,"comment_status":"closed","ping_status":"closed","template":"","meta":{"_acf_changed":false},"product_brand":[],"product_cat":[232,229],"product_tag":[],"class_list":{"0":"post-988601","1":"product","2":"type-product","3":"status-publish","4":"has-post-thumbnail","6":"product_cat-koszule-wszystkie","7":"product_cat-wszystkie","9":"first","10":"instock","11":"taxable","12":"shipping-taxable","13":"purchasable","14":"product-type-variable"},"acf":[],"_links":{"self":[{"href":"https:\/\/dev.pat-sege.com\/en\/wp-json\/wp\/v2\/product\/988601","targetHints":{"allow":["GET"]}}],"collection":[{"href":"https:\/\/dev.pat-sege.com\/en\/wp-json\/wp\/v2\/product"}],"about":[{"href":"https:\/\/dev.pat-sege.com\/en\/wp-json\/wp\/v2\/types\/product"}],"replies":[{"embeddable":true,"href":"https:\/\/dev.pat-sege.com\/en\/wp-json\/wp\/v2\/comments?post=988601"}],"wp:featuredmedia":[{"embeddable":true,"href":"https:\/\/dev.pat-sege.com\/en\/wp-json\/wp\/v2\/media\/988660"}],"wp:attachment":[{"href":"https:\/\/dev.pat-sege.com\/en\/wp-json\/wp\/v2\/media?parent=988601"}],"wp:term":[{"taxonomy":"product_brand","embeddable":true,"href":"https:\/\/dev.pat-sege.com\/en\/wp-json\/wp\/v2\/product_brand?post=988601"},{"taxonomy":"product_cat","embeddable":true,"href":"https:\/\/dev.pat-sege.com\/en\/wp-json\/wp\/v2\/product_cat?post=988601"},{"taxonomy":"product_tag","embeddable":true,"href":"https:\/\/dev.pat-sege.com\/en\/wp-json\/wp\/v2\/product_tag?post=988601"}],"curies":[{"name":"wp","href":"https:\/\/api.w.org\/{rel}","templated":true}]}}