{"id":988592,"date":"2026-03-22T14:47:50","date_gmt":"2026-03-22T13:47:50","guid":{"rendered":"https:\/\/dev.pat-sege.com\/?post_type=product&#038;p=988592"},"modified":"2026-03-22T15:01:52","modified_gmt":"2026-03-22T14:01:52","slug":"sztruksowa-spodnica-evergreen","status":"publish","type":"product","link":"https:\/\/dev.pat-sege.com\/en\/sklep\/wszystkie\/spodnice-wszystkie\/sztruksowa-spodnica-evergreen\/","title":{"rendered":"SZTRUKSOWA SP\u00d3DNICA EVERGREEN"},"content":{"rendered":"<div class=\"vgblk-rw-wrapper limit-wrapper\">Kr\u00f3tka sp\u00f3dnica Evergreen zosta\u0142a wykonana z delikatnego sztruksu w odcieniu ciemnej zieleni. Posiada falban\u0119, kt\u00f3ra nadaje jej oryginalny kr\u00f3j. Idealna do jesiennych stylizacji z lu\u017anymi swetrami, koszulami i marynarkami. Sp\u00f3dnica zosta\u0142a wzbogacona o dziewcz\u0119ce wi\u0105zanie w postaci czarnej kokardki. Powsta\u0142a w komplecie z <a href=\"https:\/\/pat-sege.com\/sklep\/wszystkie-produkty\/kurtki-i-marynarki\/marynarka-pine\/\">Marynark\u0105 Pine<\/a>, ale \u015bwietnie sprawdzi si\u0119 tak\u017ce w zestawieniu z <a href=\"https:\/\/pat-sege.com\/produkt\/koronkowa-koszula-jasmine\/\">Koszul\u0105 Jasmine<\/a>.<\/div>\n<p><!-- .vgblk-rw-wrapper --><\/p>","protected":false},"excerpt":{"rendered":"<ul>\n<li>Delikatny zielony sztruks<\/li>\n<li>Czarny du\u017cy ko\u0142nierz<\/li>\n<li>Lu\u017any kr\u00f3j<\/li>\n<li>Ozdobne per\u0142owe guziki<\/li>\n<\/ul>","protected":false},"featured_media":988595,"comment_status":"closed","ping_status":"closed","template":"","meta":{"_acf_changed":false},"product_brand":[],"product_cat":[233,229],"product_tag":[],"class_list":{"0":"post-988592","1":"product","2":"type-product","3":"status-publish","4":"has-post-thumbnail","6":"product_cat-spodnice-wszystkie","7":"product_cat-wszystkie","9":"first","10":"instock","11":"taxable","12":"shipping-taxable","13":"purchasable","14":"product-type-variable"},"acf":[],"_links":{"self":[{"href":"https:\/\/dev.pat-sege.com\/en\/wp-json\/wp\/v2\/product\/988592","targetHints":{"allow":["GET"]}}],"collection":[{"href":"https:\/\/dev.pat-sege.com\/en\/wp-json\/wp\/v2\/product"}],"about":[{"href":"https:\/\/dev.pat-sege.com\/en\/wp-json\/wp\/v2\/types\/product"}],"replies":[{"embeddable":true,"href":"https:\/\/dev.pat-sege.com\/en\/wp-json\/wp\/v2\/comments?post=988592"}],"wp:featuredmedia":[{"embeddable":true,"href":"https:\/\/dev.pat-sege.com\/en\/wp-json\/wp\/v2\/media\/988595"}],"wp:attachment":[{"href":"https:\/\/dev.pat-sege.com\/en\/wp-json\/wp\/v2\/media?parent=988592"}],"wp:term":[{"taxonomy":"product_brand","embeddable":true,"href":"https:\/\/dev.pat-sege.com\/en\/wp-json\/wp\/v2\/product_brand?post=988592"},{"taxonomy":"product_cat","embeddable":true,"href":"https:\/\/dev.pat-sege.com\/en\/wp-json\/wp\/v2\/product_cat?post=988592"},{"taxonomy":"product_tag","embeddable":true,"href":"https:\/\/dev.pat-sege.com\/en\/wp-json\/wp\/v2\/product_tag?post=988592"}],"curies":[{"name":"wp","href":"https:\/\/api.w.org\/{rel}","templated":true}]}}