{"id":988584,"date":"2026-03-22T14:32:18","date_gmt":"2026-03-22T13:32:18","guid":{"rendered":"https:\/\/dev.pat-sege.com\/?post_type=product&#038;p=988584"},"modified":"2026-03-22T15:02:01","modified_gmt":"2026-03-22T14:02:01","slug":"marynarka-pine","status":"publish","type":"product","link":"https:\/\/dev.pat-sege.com\/en\/sklep\/wszystkie\/kurtki-i-marynarki-wszystkie\/marynarka-pine\/","title":{"rendered":"MARYNARKA PINE"},"content":{"rendered":"<div class=\"vgblk-rw-wrapper limit-wrapper\">Pine to nasza marynarka z retro sznytem. Ma d\u0142ugo\u015b\u0107 do pasa, du\u017cy czarny ko\u0142nierz z zak\u0142adkami oraz ozdobne per\u0142owe guziki. Wykonana z mi\u0119kkiego sztruksu w kolorze sosny, jest przyjemna w dotyku i wyj\u0105tkowo oryginalna. Wn\u0119trze wyko\u0144czone wiskozow\u0105 podszewk\u0105 zapewnia komfort noszenia. Powsta\u0142a jako cz\u0119\u015b\u0107 zestawu ze <a href=\"https:\/\/pat-sege.com\/sklep\/wszystkie\/spodnice-wszystkie\/sztruksowa-spodnica-evergreen\/\">Sp\u00f3dnic\u0105 Evergreen<\/a>, tworz\u0105c sp\u00f3jny, stylowy komplet.<\/div>\n<p><!-- .vgblk-rw-wrapper --><\/p>","protected":false},"excerpt":{"rendered":"<ul>\n<li>Delikatny zielony sztruks<\/li>\n<li>Czarny du\u017cy ko\u0142nierz<\/li>\n<li>Lu\u017any kr\u00f3j<\/li>\n<li>Ozdobne per\u0142owe guziki<\/li>\n<\/ul>","protected":false},"featured_media":988587,"comment_status":"closed","ping_status":"closed","template":"","meta":{"_acf_changed":false},"product_brand":[],"product_cat":[231,229],"product_tag":[],"class_list":{"0":"post-988584","1":"product","2":"type-product","3":"status-publish","4":"has-post-thumbnail","6":"product_cat-kurtki-i-marynarki-wszystkie","7":"product_cat-wszystkie","9":"first","10":"instock","11":"taxable","12":"shipping-taxable","13":"purchasable","14":"product-type-variable"},"acf":[],"_links":{"self":[{"href":"https:\/\/dev.pat-sege.com\/en\/wp-json\/wp\/v2\/product\/988584","targetHints":{"allow":["GET"]}}],"collection":[{"href":"https:\/\/dev.pat-sege.com\/en\/wp-json\/wp\/v2\/product"}],"about":[{"href":"https:\/\/dev.pat-sege.com\/en\/wp-json\/wp\/v2\/types\/product"}],"replies":[{"embeddable":true,"href":"https:\/\/dev.pat-sege.com\/en\/wp-json\/wp\/v2\/comments?post=988584"}],"wp:featuredmedia":[{"embeddable":true,"href":"https:\/\/dev.pat-sege.com\/en\/wp-json\/wp\/v2\/media\/988587"}],"wp:attachment":[{"href":"https:\/\/dev.pat-sege.com\/en\/wp-json\/wp\/v2\/media?parent=988584"}],"wp:term":[{"taxonomy":"product_brand","embeddable":true,"href":"https:\/\/dev.pat-sege.com\/en\/wp-json\/wp\/v2\/product_brand?post=988584"},{"taxonomy":"product_cat","embeddable":true,"href":"https:\/\/dev.pat-sege.com\/en\/wp-json\/wp\/v2\/product_cat?post=988584"},{"taxonomy":"product_tag","embeddable":true,"href":"https:\/\/dev.pat-sege.com\/en\/wp-json\/wp\/v2\/product_tag?post=988584"}],"curies":[{"name":"wp","href":"https:\/\/api.w.org\/{rel}","templated":true}]}}