{"id":988574,"date":"2026-03-22T14:09:12","date_gmt":"2026-03-22T13:09:12","guid":{"rendered":"https:\/\/dev.pat-sege.com\/?post_type=product&#038;p=988574"},"modified":"2026-03-22T14:31:19","modified_gmt":"2026-03-22T13:31:19","slug":"sukienka-poem","status":"publish","type":"product","link":"https:\/\/dev.pat-sege.com\/en\/sklep\/made-with-love\/sukienka-poem\/","title":{"rendered":"SUKIENKA POEM"},"content":{"rendered":"<div class=\"vgblk-rw-wrapper limit-wrapper\">Sukienka Poem \u2013 must have ka\u017cdej romantyczki. Posiada sp\u00f3dnic\u0119 bombk\u0119, kt\u00f3ra nadaje jej wyj\u0105tkowy, oryginalny kszta\u0142t. Wykonana z czarnej bawe\u0142ny, zapewnia komfort i przewiewno\u015b\u0107, a mimo to jest wystarczaj\u0105co ciep\u0142a, by idealnie sprawdzi\u0107 si\u0119 w stylizacjach z rajstopami. Dziewcz\u0119cego uroku dodaj\u0105 jej bufiaste r\u0119kawy oraz koronkowy ko\u0142nierz \u2013 hit tego sezonu. Sukienka zapinana jest z boku na zamek. Pi\u0119knie prezentuje si\u0119 w duecie z mokasynami lub botkami, tworz\u0105c subteln\u0105, ale stylow\u0105 ca\u0142o\u015b\u0107.<\/div>\n<p><!-- .vgblk-rw-wrapper --><\/p>","protected":false},"excerpt":{"rendered":"<ul>\n<li>\u017bakard w kwiatowy wz\u00f3r<\/li>\n<li>Du\u017cy retro ko\u0142nierz<\/li>\n<li>Bufiaste r\u0119kawy<\/li>\n<li>Sp\u00f3dnica bombka<\/li>\n<li>Lekko taliowana<\/li>\n<\/ul>","protected":false},"featured_media":988580,"comment_status":"closed","ping_status":"closed","template":"","meta":{"_acf_changed":false},"product_brand":[],"product_cat":[15,229],"product_tag":[],"class_list":{"0":"post-988574","1":"product","2":"type-product","3":"status-publish","4":"has-post-thumbnail","6":"product_cat-made-with-love","7":"product_cat-wszystkie","9":"first","10":"instock","11":"taxable","12":"shipping-taxable","13":"purchasable","14":"product-type-variable"},"acf":[],"_links":{"self":[{"href":"https:\/\/dev.pat-sege.com\/en\/wp-json\/wp\/v2\/product\/988574","targetHints":{"allow":["GET"]}}],"collection":[{"href":"https:\/\/dev.pat-sege.com\/en\/wp-json\/wp\/v2\/product"}],"about":[{"href":"https:\/\/dev.pat-sege.com\/en\/wp-json\/wp\/v2\/types\/product"}],"replies":[{"embeddable":true,"href":"https:\/\/dev.pat-sege.com\/en\/wp-json\/wp\/v2\/comments?post=988574"}],"wp:featuredmedia":[{"embeddable":true,"href":"https:\/\/dev.pat-sege.com\/en\/wp-json\/wp\/v2\/media\/988580"}],"wp:attachment":[{"href":"https:\/\/dev.pat-sege.com\/en\/wp-json\/wp\/v2\/media?parent=988574"}],"wp:term":[{"taxonomy":"product_brand","embeddable":true,"href":"https:\/\/dev.pat-sege.com\/en\/wp-json\/wp\/v2\/product_brand?post=988574"},{"taxonomy":"product_cat","embeddable":true,"href":"https:\/\/dev.pat-sege.com\/en\/wp-json\/wp\/v2\/product_cat?post=988574"},{"taxonomy":"product_tag","embeddable":true,"href":"https:\/\/dev.pat-sege.com\/en\/wp-json\/wp\/v2\/product_tag?post=988574"}],"curies":[{"name":"wp","href":"https:\/\/api.w.org\/{rel}","templated":true}]}}