{"id":988565,"date":"2026-03-22T13:46:45","date_gmt":"2026-03-22T12:46:45","guid":{"rendered":"https:\/\/dev.pat-sege.com\/?post_type=product&#038;p=988565"},"modified":"2026-03-22T15:25:31","modified_gmt":"2026-03-22T14:25:31","slug":"sukienka-rose-tea","status":"publish","type":"product","link":"https:\/\/dev.pat-sege.com\/en\/sklep\/wszystkie\/sukienki-wszystkie\/sukienka-rose-tea\/","title":{"rendered":"SUKIENKA ROSE TEA"},"content":{"rendered":"<div class=\"vgblk-rw-wrapper limit-wrapper\">Sukienka Rose Tea zosta\u0142a wykonana ze 100% bawe\u0142ny w malinowo-bordowym odcieniu, kt\u00f3ry wygl\u0105da \u015bwie\u017co i stylowo przez ca\u0142y sezon. Lu\u017any, swobodny kr\u00f3j nie opina sylwetki i zapewnia komfort przez ca\u0142y dzie\u0144, a du\u017cy ko\u0142nierz, bufki, falbana i ozdobne wi\u0105zanie nadaj\u0105 jej dziewcz\u0119cego uroku. Sprawdzi si\u0119 zar\u00f3wno na co dzie\u0144, jak i na specjalne okazje. <\/div>\n<p><!-- .vgblk-rw-wrapper --><\/p>","protected":false},"excerpt":{"rendered":"<ul>\n<li class=\"p1\">Materia\u0142: 100% bawe\u0142na (cienki sztruks)<\/li>\n<li class=\"p1\">Kolor: malinowo-bordowy<\/li>\n<li class=\"p1\">Kr\u00f3j: lu\u017any, styl retro \u2014 zalecamy sprawdzenie tabeli rozmiar\u00f3w<\/li>\n<li class=\"p1\">Detale: du\u017cy ko\u0142nierz, bufki, falbana, ozdobne wi\u0105zanie, aksamitna kokarda<\/li>\n<\/ul>","protected":false},"featured_media":988571,"comment_status":"closed","ping_status":"closed","template":"","meta":{"_acf_changed":false},"product_brand":[],"product_cat":[15,230,229],"product_tag":[],"class_list":{"0":"post-988565","1":"product","2":"type-product","3":"status-publish","4":"has-post-thumbnail","6":"product_cat-made-with-love","7":"product_cat-sukienki-wszystkie","8":"product_cat-wszystkie","10":"first","11":"instock","12":"taxable","13":"shipping-taxable","14":"purchasable","15":"product-type-variable"},"acf":[],"_links":{"self":[{"href":"https:\/\/dev.pat-sege.com\/en\/wp-json\/wp\/v2\/product\/988565","targetHints":{"allow":["GET"]}}],"collection":[{"href":"https:\/\/dev.pat-sege.com\/en\/wp-json\/wp\/v2\/product"}],"about":[{"href":"https:\/\/dev.pat-sege.com\/en\/wp-json\/wp\/v2\/types\/product"}],"replies":[{"embeddable":true,"href":"https:\/\/dev.pat-sege.com\/en\/wp-json\/wp\/v2\/comments?post=988565"}],"wp:featuredmedia":[{"embeddable":true,"href":"https:\/\/dev.pat-sege.com\/en\/wp-json\/wp\/v2\/media\/988571"}],"wp:attachment":[{"href":"https:\/\/dev.pat-sege.com\/en\/wp-json\/wp\/v2\/media?parent=988565"}],"wp:term":[{"taxonomy":"product_brand","embeddable":true,"href":"https:\/\/dev.pat-sege.com\/en\/wp-json\/wp\/v2\/product_brand?post=988565"},{"taxonomy":"product_cat","embeddable":true,"href":"https:\/\/dev.pat-sege.com\/en\/wp-json\/wp\/v2\/product_cat?post=988565"},{"taxonomy":"product_tag","embeddable":true,"href":"https:\/\/dev.pat-sege.com\/en\/wp-json\/wp\/v2\/product_tag?post=988565"}],"curies":[{"name":"wp","href":"https:\/\/api.w.org\/{rel}","templated":true}]}}