{"id":988554,"date":"2026-03-22T13:25:39","date_gmt":"2026-03-22T12:25:39","guid":{"rendered":"https:\/\/dev.pat-sege.com\/?post_type=product&#038;p=988554"},"modified":"2026-03-22T13:44:32","modified_gmt":"2026-03-22T12:44:32","slug":"sukienka-midnight-garden","status":"publish","type":"product","link":"https:\/\/dev.pat-sege.com\/en\/sklep\/bestsellers\/sukienka-midnight-garden\/","title":{"rendered":"SUKIENKA MIDNIGHT GARDEN"},"content":{"rendered":"<div class=\"vgblk-rw-wrapper limit-wrapper\">Midnight Garden to idealna sukienka dla ka\u017cdej romantyczki. Uszyta z eleganckiego \u017cakardu w kwiatowy wz\u00f3r, wyr\u00f3\u017cnia si\u0119 du\u017cym, retro ko\u0142nierzem i per\u0142owymi guzikami. Delikatne taliowanie podkre\u015bla sylwetk\u0119, a bufiaste r\u0119kawy dodaj\u0105 ca\u0142o\u015bci lekko\u015bci i dziewcz\u0119cego charakteru. To model, kt\u00f3ry doskonale sprawdzi si\u0119 zar\u00f3wno podczas eleganckich uroczysto\u015bci, jak i lu\u017anych spotka\u0144 z bliskimi. Wystarczy, \u017ce zestawisz j\u0105 z mokasynami, botkami lub kozakami \u2013 i stylizacja gotowa.<br \/>\nDla idealnego dopasowania sukienki do sylwetki, zalecamy sprawdzenie tabeli rozmiar\u00f3w.<\/div>\n<p><!-- .vgblk-rw-wrapper --><\/p>","protected":false},"excerpt":{"rendered":"<ul>\n<li>\u017bakard w kwiatowy wz\u00f3r<\/li>\n<li>Du\u017cy retro ko\u0142nierz<\/li>\n<li>Bufiaste r\u0119kawy<\/li>\n<li>D\u0142ugo\u015b\u0107 przed kolano<\/li>\n<li>Lekko taliowana<\/li>\n<\/ul>","protected":false},"featured_media":988560,"comment_status":"closed","ping_status":"closed","template":"","meta":{"_acf_changed":false},"product_brand":[],"product_cat":[210,15,229],"product_tag":[],"class_list":{"0":"post-988554","1":"product","2":"type-product","3":"status-publish","4":"has-post-thumbnail","6":"product_cat-bestsellers","7":"product_cat-made-with-love","8":"product_cat-wszystkie","10":"first","11":"instock","12":"taxable","13":"shipping-taxable","14":"purchasable","15":"product-type-variable"},"acf":[],"_links":{"self":[{"href":"https:\/\/dev.pat-sege.com\/en\/wp-json\/wp\/v2\/product\/988554","targetHints":{"allow":["GET"]}}],"collection":[{"href":"https:\/\/dev.pat-sege.com\/en\/wp-json\/wp\/v2\/product"}],"about":[{"href":"https:\/\/dev.pat-sege.com\/en\/wp-json\/wp\/v2\/types\/product"}],"replies":[{"embeddable":true,"href":"https:\/\/dev.pat-sege.com\/en\/wp-json\/wp\/v2\/comments?post=988554"}],"wp:featuredmedia":[{"embeddable":true,"href":"https:\/\/dev.pat-sege.com\/en\/wp-json\/wp\/v2\/media\/988560"}],"wp:attachment":[{"href":"https:\/\/dev.pat-sege.com\/en\/wp-json\/wp\/v2\/media?parent=988554"}],"wp:term":[{"taxonomy":"product_brand","embeddable":true,"href":"https:\/\/dev.pat-sege.com\/en\/wp-json\/wp\/v2\/product_brand?post=988554"},{"taxonomy":"product_cat","embeddable":true,"href":"https:\/\/dev.pat-sege.com\/en\/wp-json\/wp\/v2\/product_cat?post=988554"},{"taxonomy":"product_tag","embeddable":true,"href":"https:\/\/dev.pat-sege.com\/en\/wp-json\/wp\/v2\/product_tag?post=988554"}],"curies":[{"name":"wp","href":"https:\/\/api.w.org\/{rel}","templated":true}]}}