{"id":988543,"date":"2026-03-22T13:04:10","date_gmt":"2026-03-22T12:04:10","guid":{"rendered":"https:\/\/dev.pat-sege.com\/?post_type=product&#038;p=988543"},"modified":"2026-03-23T14:43:45","modified_gmt":"2026-03-23T13:43:45","slug":"sukienka-daydream-kopia","status":"publish","type":"product","link":"https:\/\/dev.pat-sege.com\/en\/sklep\/bestsellers\/sukienka-daydream-kopia\/","title":{"rendered":"SUKIENKA VIOLET"},"content":{"rendered":"<div class=\"vgblk-rw-wrapper limit-wrapper\">Sukienka Violet to model w liliowym odcieniu, kt\u00f3ry wprowadza do szafy odrobin\u0119 magii i kobieco\u015bci. Zosta\u0142a wykonana z przyjemnego w dotyku sztruksu, z du\u017cym koronkowym ko\u0142nierzem, aksamitn\u0105 kokard\u0105 i per\u0142owymi guziczkami \u2014 ka\u017cdy detal zosta\u0142 przemy\u015blany, dzi\u0119ki czemu nie potrzebujesz ju\u017c dodatk\u00f3w do stylizacji. Lu\u017any kr\u00f3j zapewnia wygod\u0119 noszenia przez ca\u0142y dzie\u0144. Stylizuj j\u0105 z botkami, kozakami lub mokasynami.\n<\/div>\n<p><!-- .vgblk-rw-wrapper --><\/p>","protected":false},"excerpt":{"rendered":"<ul>\n<li>sztruks 100% bawe\u0142na \u2013 mi\u0119kki, przyjemny i trwa\u0142y<\/li>\n<li>du\u017cy koronkowy ko\u0142nierz + aksamitna kokarda na froncie \u2013 romantyczny vintage detal, wysmukla szyj\u0119<\/li>\n<li>bufiaste r\u0119kawy + falbany \u2013 dodaj\u0105 obj\u0119to\u015bci i dziewcz\u0119cego uroku<\/li>\n<li>lu\u017any, komfortowy kr\u00f3j przed kolano \u2013 swoboda ruch\u00f3w i niepowtarzalny urok<\/li>\n<li>dekoracyjne guziki \u2013 subtelny akcent<\/li>\n<\/ul>","protected":false},"featured_media":988550,"comment_status":"closed","ping_status":"closed","template":"","meta":{"_acf_changed":false},"product_brand":[],"product_cat":[210,15,229],"product_tag":[],"class_list":{"0":"post-988543","1":"product","2":"type-product","3":"status-publish","4":"has-post-thumbnail","6":"product_cat-bestsellers","7":"product_cat-made-with-love","8":"product_cat-wszystkie","10":"first","11":"instock","12":"taxable","13":"shipping-taxable","14":"purchasable","15":"product-type-variable"},"acf":[],"_links":{"self":[{"href":"https:\/\/dev.pat-sege.com\/en\/wp-json\/wp\/v2\/product\/988543","targetHints":{"allow":["GET"]}}],"collection":[{"href":"https:\/\/dev.pat-sege.com\/en\/wp-json\/wp\/v2\/product"}],"about":[{"href":"https:\/\/dev.pat-sege.com\/en\/wp-json\/wp\/v2\/types\/product"}],"replies":[{"embeddable":true,"href":"https:\/\/dev.pat-sege.com\/en\/wp-json\/wp\/v2\/comments?post=988543"}],"wp:featuredmedia":[{"embeddable":true,"href":"https:\/\/dev.pat-sege.com\/en\/wp-json\/wp\/v2\/media\/988550"}],"wp:attachment":[{"href":"https:\/\/dev.pat-sege.com\/en\/wp-json\/wp\/v2\/media?parent=988543"}],"wp:term":[{"taxonomy":"product_brand","embeddable":true,"href":"https:\/\/dev.pat-sege.com\/en\/wp-json\/wp\/v2\/product_brand?post=988543"},{"taxonomy":"product_cat","embeddable":true,"href":"https:\/\/dev.pat-sege.com\/en\/wp-json\/wp\/v2\/product_cat?post=988543"},{"taxonomy":"product_tag","embeddable":true,"href":"https:\/\/dev.pat-sege.com\/en\/wp-json\/wp\/v2\/product_tag?post=988543"}],"curies":[{"name":"wp","href":"https:\/\/api.w.org\/{rel}","templated":true}]}}