{"id":988532,"date":"2026-03-22T12:41:46","date_gmt":"2026-03-22T11:41:46","guid":{"rendered":"https:\/\/dev.pat-sege.com\/?post_type=product&#038;p=988532"},"modified":"2026-03-23T14:43:34","modified_gmt":"2026-03-23T13:43:34","slug":"sukienka-daydream-2","status":"publish","type":"product","link":"https:\/\/dev.pat-sege.com\/en\/sklep\/wszystkie\/sukienki-wszystkie\/sukienka-daydream-2\/","title":{"rendered":"SUKIENKA DAYDREAM"},"content":{"rendered":"<div class=\"vgblk-rw-wrapper limit-wrapper\">Sukienka Daydream &#8211; czekoladowy sen, ozdobiony koronk\u0105 i aksamitn\u0105 kokard\u0105. Przyjemny materia\u0142 w odcieniu gorzkiej czekolady przywodzi na my\u015bl leniwe popo\u0142udnia sp\u0119dzone z herbat\u0105 i ksi\u0105\u017ck\u0105.<br \/>\nDzi\u0119ki lu\u017anej, komfortowej formie sukienka sprawdzi si\u0119 zar\u00f3wno na co dzie\u0144, jak i przy wyj\u0105tkowych okazjach. Romantycznego charakteru nadaj\u0105 jej delikatne koronkowe wyko\u0144czenia oraz per\u0142owe guziki \u2014 detale, kt\u00f3re czyni\u0105 j\u0105 czym\u015b wi\u0119cej ni\u017c tylko sukienk\u0105.<\/div>\n<p><!-- .vgblk-rw-wrapper --><\/p>","protected":false},"excerpt":{"rendered":"<ul>\n<li>sztruks 100% bawe\u0142na \u2013 mi\u0119kki, przyjemny i trwa\u0142y<\/li>\n<li>du\u017cy koronkowy ko\u0142nierz + aksamitna kokarda na froncie \u2013 romantyczny vintage detal, wysmukla szyj\u0119<\/li>\n<li>bufiaste r\u0119kawy + falbany \u2013 dodaj\u0105 obj\u0119to\u015bci i dziewcz\u0119cego uroku<\/li>\n<li>lu\u017any, komfortowy kr\u00f3j przed kolano \u2013 swoboda ruch\u00f3w i niepowtarzalny urok<\/li>\n<li>dekoracyjne guziki \u2013 subtelny akcent<\/li>\n<\/ul>","protected":false},"featured_media":988537,"comment_status":"closed","ping_status":"closed","template":"","meta":{"_acf_changed":false},"product_brand":[],"product_cat":[210,230,229],"product_tag":[],"class_list":{"0":"post-988532","1":"product","2":"type-product","3":"status-publish","4":"has-post-thumbnail","6":"product_cat-bestsellers","7":"product_cat-sukienki-wszystkie","8":"product_cat-wszystkie","10":"first","11":"instock","12":"taxable","13":"shipping-taxable","14":"purchasable","15":"product-type-variable"},"acf":[],"_links":{"self":[{"href":"https:\/\/dev.pat-sege.com\/en\/wp-json\/wp\/v2\/product\/988532","targetHints":{"allow":["GET"]}}],"collection":[{"href":"https:\/\/dev.pat-sege.com\/en\/wp-json\/wp\/v2\/product"}],"about":[{"href":"https:\/\/dev.pat-sege.com\/en\/wp-json\/wp\/v2\/types\/product"}],"replies":[{"embeddable":true,"href":"https:\/\/dev.pat-sege.com\/en\/wp-json\/wp\/v2\/comments?post=988532"}],"wp:featuredmedia":[{"embeddable":true,"href":"https:\/\/dev.pat-sege.com\/en\/wp-json\/wp\/v2\/media\/988537"}],"wp:attachment":[{"href":"https:\/\/dev.pat-sege.com\/en\/wp-json\/wp\/v2\/media?parent=988532"}],"wp:term":[{"taxonomy":"product_brand","embeddable":true,"href":"https:\/\/dev.pat-sege.com\/en\/wp-json\/wp\/v2\/product_brand?post=988532"},{"taxonomy":"product_cat","embeddable":true,"href":"https:\/\/dev.pat-sege.com\/en\/wp-json\/wp\/v2\/product_cat?post=988532"},{"taxonomy":"product_tag","embeddable":true,"href":"https:\/\/dev.pat-sege.com\/en\/wp-json\/wp\/v2\/product_tag?post=988532"}],"curies":[{"name":"wp","href":"https:\/\/api.w.org\/{rel}","templated":true}]}}