{"id":987969,"date":"2026-03-16T22:57:32","date_gmt":"2026-03-16T21:57:32","guid":{"rendered":"https:\/\/dev.pat-sege.com\/?post_type=product&#038;p=987969"},"modified":"2026-03-22T13:11:28","modified_gmt":"2026-03-22T12:11:28","slug":"kurtka-w-kwiaty-secret-garden","status":"publish","type":"product","link":"https:\/\/dev.pat-sege.com\/en\/sklep\/wszystkie\/kurtki-i-marynarki-wszystkie\/kurtka-w-kwiaty-secret-garden\/","title":{"rendered":"KURTKA W KWIATY SECRET GARDEN"},"content":{"rendered":"<div class=\"vgblk-rw-wrapper limit-wrapper\">Kurtka Secret Garden to przej\u015bciowy model w romantycznym stylu vintage, kt\u00f3rej pude\u0142kowy fason pi\u0119knie podkre\u015bla tali\u0119 . Zosta\u0142a wykonana z eleganckiego \u017cakardu w kwiatowy wz\u00f3r. Ka\u017cdy detal zosta\u0142 przemy\u015blany &#8211;  satynowe wyko\u0144czenia, ozdobne guziki w pastelowych odcieniach i wstawki z mi\u0119kkiego zamszu. Ko\u0142nierz w kolorze pudrowego r\u00f3\u017cu dope\u0142nia ca\u0142o\u015bci. Idealna do zestawienia z jednolitymi sukienkami.<\/div>\n<p><!-- .vgblk-rw-wrapper --><\/p>","protected":false},"excerpt":{"rendered":"<ul>\n<li>G\u0142\u00f3wny materia\u0142: \u017cakard o florystycznym wzorze<\/li>\n<li>Podszewka: 100% wiskoza \u2013 mi\u0119kka i oddychaj\u0105ca<\/li>\n<li>Detale: zamszowe wstawki na r\u0119kawach w mi\u0119towym kolorze<\/li>\n<li>Guziki: ozdobne w pastelowych odcieniach<\/li>\n<li>Ko\u0142nierz: mi\u0119kki, puchaty, w stylu retro \u2013 bardzo przyjemny w dotyku<\/li>\n<li>Styl: romantyczny vintage z nowoczesnym twistem<\/li>\n<li>Fason: pude\u0142kowa kurtka, idealna zar\u00f3wno do sukienek oraz spodni<\/li>\n<li>Kurtka przej\u015bciowa: idealna do noszenia od wiosny a\u017c po wczesn\u0105 jesie\u0144<\/li>\n<\/ul>","protected":false},"featured_media":987991,"comment_status":"closed","ping_status":"closed","template":"","meta":{"_acf_changed":false},"product_brand":[],"product_cat":[231,15,229],"product_tag":[],"class_list":{"0":"post-987969","1":"product","2":"type-product","3":"status-publish","4":"has-post-thumbnail","6":"product_cat-kurtki-i-marynarki-wszystkie","7":"product_cat-made-with-love","8":"product_cat-wszystkie","10":"first","11":"instock","12":"taxable","13":"shipping-taxable","14":"purchasable","15":"product-type-variable"},"acf":[],"_links":{"self":[{"href":"https:\/\/dev.pat-sege.com\/en\/wp-json\/wp\/v2\/product\/987969","targetHints":{"allow":["GET"]}}],"collection":[{"href":"https:\/\/dev.pat-sege.com\/en\/wp-json\/wp\/v2\/product"}],"about":[{"href":"https:\/\/dev.pat-sege.com\/en\/wp-json\/wp\/v2\/types\/product"}],"replies":[{"embeddable":true,"href":"https:\/\/dev.pat-sege.com\/en\/wp-json\/wp\/v2\/comments?post=987969"}],"wp:featuredmedia":[{"embeddable":true,"href":"https:\/\/dev.pat-sege.com\/en\/wp-json\/wp\/v2\/media\/987991"}],"wp:attachment":[{"href":"https:\/\/dev.pat-sege.com\/en\/wp-json\/wp\/v2\/media?parent=987969"}],"wp:term":[{"taxonomy":"product_brand","embeddable":true,"href":"https:\/\/dev.pat-sege.com\/en\/wp-json\/wp\/v2\/product_brand?post=987969"},{"taxonomy":"product_cat","embeddable":true,"href":"https:\/\/dev.pat-sege.com\/en\/wp-json\/wp\/v2\/product_cat?post=987969"},{"taxonomy":"product_tag","embeddable":true,"href":"https:\/\/dev.pat-sege.com\/en\/wp-json\/wp\/v2\/product_tag?post=987969"}],"curies":[{"name":"wp","href":"https:\/\/api.w.org\/{rel}","templated":true}]}}