{"id":987964,"date":"2026-03-16T22:57:32","date_gmt":"2026-03-16T21:57:32","guid":{"rendered":"https:\/\/dev.pat-sege.com\/?post_type=product&#038;p=987964"},"modified":"2026-03-30T08:41:23","modified_gmt":"2026-03-30T06:41:23","slug":"czarna-sukienka-midi-midnight-bow","status":"publish","type":"product","link":"https:\/\/dev.pat-sege.com\/en\/sklep\/wszystkie\/sukienki-wszystkie\/czarna-sukienka-midi-midnight-bow\/","title":{"rendered":"Black Dress Midi Mindnight Bod"},"content":{"rendered":"<div class=\"vgblk-rw-wrapper limit-wrapper\">MIDNIGHT BOW &#8211; idealna czarna sukienka na wesele, przyj\u0119cia i spotkania z przyjaci\u00f3\u0142mi. Posiada d\u0142ugo\u015b\u0107 midi oraz lu\u017any, oversize\u2019owy fason &#8211; idealna dla mi\u0142o\u015bniczek subtelnej elegancji. Delikatne szyfonowe kokardy na ramionach i u do\u0142u dodaj\u0105 lekko\u015bci i romantycznego charakteru. Warstwowa konstrukcja nadaje jej wyj\u0105tkowej zwiewno\u015bci. Doskona\u0142a baza do stworzenia r\u00f3\u017cnorodnych stylizacji &#8211; \u015bwietnie prezentuje si\u0119 w zestawie z kurtk\u0105 Secret Garden oraz marynark\u0105 Navy Nostalgia. Marianna ma 175 cm wzrostu i nosi rozmiar S.<\/div>\n<p><!-- .vgblk-rw-wrapper --><\/p>","protected":false},"excerpt":{"rendered":"<ul>\n<li>Sukienka wykonana z przewiewnej czarnej bawe\u0142ny<\/li>\n<li>Szyfonowe wi\u0105zania na ramionach i u do\u0142u sp\u00f3dnicy<\/li>\n<li>Lu\u017any fason<\/li>\n<li>Styl elegancki, romantyczny, minimalistyczny<\/li>\n<li>Idealna na przyj\u0119cia, wesela, wieczorne wyj\u015bcia<\/li>\n<\/ul>","protected":false},"featured_media":987987,"comment_status":"closed","ping_status":"closed","template":"","meta":{"_acf_changed":false},"product_brand":[],"product_cat":[15,230,229],"product_tag":[],"class_list":{"0":"post-987964","1":"product","2":"type-product","3":"status-publish","4":"has-post-thumbnail","6":"product_cat-made-with-love","7":"product_cat-sukienki-wszystkie","8":"product_cat-wszystkie","10":"first","11":"instock","12":"featured","13":"taxable","14":"shipping-taxable","15":"purchasable","16":"product-type-variable"},"acf":[],"_links":{"self":[{"href":"https:\/\/dev.pat-sege.com\/en\/wp-json\/wp\/v2\/product\/987964","targetHints":{"allow":["GET"]}}],"collection":[{"href":"https:\/\/dev.pat-sege.com\/en\/wp-json\/wp\/v2\/product"}],"about":[{"href":"https:\/\/dev.pat-sege.com\/en\/wp-json\/wp\/v2\/types\/product"}],"replies":[{"embeddable":true,"href":"https:\/\/dev.pat-sege.com\/en\/wp-json\/wp\/v2\/comments?post=987964"}],"wp:featuredmedia":[{"embeddable":true,"href":"https:\/\/dev.pat-sege.com\/en\/wp-json\/wp\/v2\/media\/987987"}],"wp:attachment":[{"href":"https:\/\/dev.pat-sege.com\/en\/wp-json\/wp\/v2\/media?parent=987964"}],"wp:term":[{"taxonomy":"product_brand","embeddable":true,"href":"https:\/\/dev.pat-sege.com\/en\/wp-json\/wp\/v2\/product_brand?post=987964"},{"taxonomy":"product_cat","embeddable":true,"href":"https:\/\/dev.pat-sege.com\/en\/wp-json\/wp\/v2\/product_cat?post=987964"},{"taxonomy":"product_tag","embeddable":true,"href":"https:\/\/dev.pat-sege.com\/en\/wp-json\/wp\/v2\/product_tag?post=987964"}],"curies":[{"name":"wp","href":"https:\/\/api.w.org\/{rel}","templated":true}]}}