{"id":987939,"date":"2026-03-16T22:57:13","date_gmt":"2026-03-16T21:57:13","guid":{"rendered":"https:\/\/dev.pat-sege.com\/?post_type=product&#038;p=987939"},"modified":"2026-03-22T13:12:12","modified_gmt":"2026-03-22T12:12:12","slug":"sukienka-z-muslinu-spring-flower","status":"publish","type":"product","link":"https:\/\/dev.pat-sege.com\/en\/sklep\/wszystkie\/sukienki-wszystkie\/sukienka-z-muslinu-spring-flower\/","title":{"rendered":"SUKIENKA SPRING FLOWER"},"content":{"rendered":"<div class=\"vgblk-rw-wrapper limit-wrapper\">Sukienka Spring Flower to romantyczny model w stylu retro, kt\u00f3ry \u0142\u0105czy dziewcz\u0119cy urok z subteln\u0105 elegancj\u0105. Wykonana z lekkiego, kremowego mu\u015blinu z drobnym kwiatowym wzorem \u2014 tkaniny przewiewnej i przyjemnej w dotyku, idealnej na ciep\u0142e dni. Du\u017cy bia\u0142y ko\u0142nierz z falbank\u0105 i ozdobna, kontrastowa kokardka przyci\u0105gaj\u0105 wzrok, a r\u0119kawy zako\u0144czone mankietami z per\u0142owymi guzikami dope\u0142niaj\u0105 ca\u0142o\u015bci. Sprawdzi si\u0119 na wiosenne spacery, romantyczne randki, uroczysto\u015bci i codzienne stylizacje.<\/div>\n<p><!-- .vgblk-rw-wrapper --><\/p>","protected":false},"excerpt":{"rendered":"<ul>\n<li class=\"p1\">Materia\u0142: 100% bawe\u0142na (mu\u015blin)<\/li>\n<li class=\"p1\">Wz\u00f3r: drobne kwiaty na kremowym tle<\/li>\n<li class=\"p1\">Kr\u00f3j: lu\u017any, styl retro \u2014 zalecamy sprawdzenie tabeli rozmiar\u00f3w<\/li>\n<li class=\"p1\">Detale: du\u017cy bia\u0142y ko\u0142nierz z falbank\u0105, kontrastowa kokardka, r\u0119kawy z mankietami i per\u0142owymi guzikami<\/li>\n<\/ul>","protected":false},"featured_media":987957,"comment_status":"closed","ping_status":"closed","template":"","meta":{"_acf_changed":false},"product_brand":[],"product_cat":[15,230,229],"product_tag":[],"class_list":{"0":"post-987939","1":"product","2":"type-product","3":"status-publish","4":"has-post-thumbnail","6":"product_cat-made-with-love","7":"product_cat-sukienki-wszystkie","8":"product_cat-wszystkie","10":"first","11":"instock","12":"taxable","13":"shipping-taxable","14":"purchasable","15":"product-type-variable"},"acf":[],"_links":{"self":[{"href":"https:\/\/dev.pat-sege.com\/en\/wp-json\/wp\/v2\/product\/987939","targetHints":{"allow":["GET"]}}],"collection":[{"href":"https:\/\/dev.pat-sege.com\/en\/wp-json\/wp\/v2\/product"}],"about":[{"href":"https:\/\/dev.pat-sege.com\/en\/wp-json\/wp\/v2\/types\/product"}],"replies":[{"embeddable":true,"href":"https:\/\/dev.pat-sege.com\/en\/wp-json\/wp\/v2\/comments?post=987939"}],"wp:featuredmedia":[{"embeddable":true,"href":"https:\/\/dev.pat-sege.com\/en\/wp-json\/wp\/v2\/media\/987957"}],"wp:attachment":[{"href":"https:\/\/dev.pat-sege.com\/en\/wp-json\/wp\/v2\/media?parent=987939"}],"wp:term":[{"taxonomy":"product_brand","embeddable":true,"href":"https:\/\/dev.pat-sege.com\/en\/wp-json\/wp\/v2\/product_brand?post=987939"},{"taxonomy":"product_cat","embeddable":true,"href":"https:\/\/dev.pat-sege.com\/en\/wp-json\/wp\/v2\/product_cat?post=987939"},{"taxonomy":"product_tag","embeddable":true,"href":"https:\/\/dev.pat-sege.com\/en\/wp-json\/wp\/v2\/product_tag?post=987939"}],"curies":[{"name":"wp","href":"https:\/\/api.w.org\/{rel}","templated":true}]}}