{"id":987929,"date":"2026-03-16T22:57:12","date_gmt":"2026-03-16T21:57:12","guid":{"rendered":"https:\/\/dev.pat-sege.com\/?post_type=product&#038;p=987929"},"modified":"2026-03-22T13:12:32","modified_gmt":"2026-03-22T12:12:32","slug":"rozowa-sukienka-peony","status":"publish","type":"product","link":"https:\/\/dev.pat-sege.com\/en\/sklep\/wszystkie\/sukienki-wszystkie\/rozowa-sukienka-peony\/","title":{"rendered":"R\u00f3\u017cowa Sukienka PEONY"},"content":{"rendered":"<div class=\"vgblk-rw-wrapper limit-wrapper\">R\u00f3\u017cowa sukienka mini uszyta z delikatnej bawe\u0142ny w pr\u0105\u017cek, kt\u00f3ra idealnie sprawdzi si\u0119 podczas wiosennych i letnich dni. Bufiaste r\u0119kawy i bia\u0142y ko\u0142nierz dodaj\u0105 ca\u0142o\u015bci klasycznego uroku, a ozdobne per\u0142owe guziki subtelnie podkre\u015blaj\u0105 styl. Dzi\u0119ki gumeczce w pasie sukienka dopasowuje si\u0119 do talii, zapewniaj\u0105c wygod\u0119 i komfort podczas noszenia.<br \/>\nIdealna na wiosenne wyj\u015bcia, codzienne stylizacje oraz specjalne uroczysto\u015bci.<\/p>\n<p>Mo\u017cesz stworzy\u0107 oryginaln\u0105 stylizacj\u0119 z <a href=\"https:\/\/pat-sege.com\/produkt\/kurtka-w-kwiaty-secret-garden\/\"> kurtk\u0105 Secret Garden<\/a>.<\/div>\n<p><!-- .vgblk-rw-wrapper --><\/p>","protected":false},"excerpt":{"rendered":"<ul>\n<li>D\u0142ugo\u015b\u0107 mini<\/li>\n<li>Wykonana z lekkiej bawe\u0142ny w pr\u0105\u017cek<\/li>\n<li>Bufiaste r\u0119kawy i bia\u0142y ko\u0142nierzyk w stylu retro<\/li>\n<li>Per\u0142owe guziki jako elegancki akcent<\/li>\n<li>Gumka w talii dla komfortu i dopasowania<\/li>\n<li>Idealna na co dzie\u0144, rodzinne spotkania i uroczysto\u015bci<\/li>\n<\/ul>","protected":false},"featured_media":987949,"comment_status":"closed","ping_status":"closed","template":"","meta":{"_acf_changed":false},"product_brand":[],"product_cat":[15,230,229],"product_tag":[],"class_list":{"0":"post-987929","1":"product","2":"type-product","3":"status-publish","4":"has-post-thumbnail","6":"product_cat-made-with-love","7":"product_cat-sukienki-wszystkie","8":"product_cat-wszystkie","10":"first","11":"instock","12":"taxable","13":"shipping-taxable","14":"purchasable","15":"product-type-variable"},"acf":[],"_links":{"self":[{"href":"https:\/\/dev.pat-sege.com\/en\/wp-json\/wp\/v2\/product\/987929","targetHints":{"allow":["GET"]}}],"collection":[{"href":"https:\/\/dev.pat-sege.com\/en\/wp-json\/wp\/v2\/product"}],"about":[{"href":"https:\/\/dev.pat-sege.com\/en\/wp-json\/wp\/v2\/types\/product"}],"replies":[{"embeddable":true,"href":"https:\/\/dev.pat-sege.com\/en\/wp-json\/wp\/v2\/comments?post=987929"}],"wp:featuredmedia":[{"embeddable":true,"href":"https:\/\/dev.pat-sege.com\/en\/wp-json\/wp\/v2\/media\/987949"}],"wp:attachment":[{"href":"https:\/\/dev.pat-sege.com\/en\/wp-json\/wp\/v2\/media?parent=987929"}],"wp:term":[{"taxonomy":"product_brand","embeddable":true,"href":"https:\/\/dev.pat-sege.com\/en\/wp-json\/wp\/v2\/product_brand?post=987929"},{"taxonomy":"product_cat","embeddable":true,"href":"https:\/\/dev.pat-sege.com\/en\/wp-json\/wp\/v2\/product_cat?post=987929"},{"taxonomy":"product_tag","embeddable":true,"href":"https:\/\/dev.pat-sege.com\/en\/wp-json\/wp\/v2\/product_tag?post=987929"}],"curies":[{"name":"wp","href":"https:\/\/api.w.org\/{rel}","templated":true}]}}