{"id":987887,"date":"2026-03-16T22:56:15","date_gmt":"2026-03-16T21:56:15","guid":{"rendered":"https:\/\/dev.pat-sege.com\/?post_type=product&#038;p=987887"},"modified":"2026-03-23T15:52:37","modified_gmt":"2026-03-23T14:52:37","slug":"czarna-sukienka-midi-noir","status":"publish","type":"product","link":"https:\/\/dev.pat-sege.com\/en\/sklep\/wszystkie\/sukienki-wszystkie\/czarna-sukienka-midi-noir\/","title":{"rendered":"CZARNA SUKIENKA MIDI NOIR"},"content":{"rendered":"<div class=\"vgblk-rw-wrapper limit-wrapper\">Czarna sukienka midi z bufiastymi r\u0119kawami i podw\u00f3jn\u0105 falban\u0105. Posiada ozdobny ko\u0142nierz, kt\u00f3ry dodaje jej klasycznego uroku, oraz per\u0142owe guziki zapinane z przodu, kt\u00f3re podkre\u015blaj\u0105 jej elegancki charakter. Doskona\u0142a na wesela, przyj\u0119cia, wieczorne kolacje i inne formalne wydarzenia. Wykonana z czarnej, delikatnej bawe\u0142ny, zapewnia komfort noszenia i doskonale komponuje si\u0119 z klasycznymi dodatkami.<\/div>\n<p><!-- .vgblk-rw-wrapper --><\/p>","protected":false},"excerpt":{"rendered":"<ul>\n<li class=\"p1\">Materia\u0142: czarna bawe\u0142na<\/li>\n<li class=\"p1\">Kr\u00f3j: midi, idealnie le\u017c\u0105cy<\/li>\n<li class=\"p1\">Detale: bufiaste r\u0119kawy bia\u0142y retro ko\u0142nierz, per\u0142owe guziki, podw\u00f3jna falbana<\/li>\n<li class=\"p1\">Zastosowanie: wyj\u0105tkowe okazje, przyj\u0119cia, spotkania<\/li>\n<\/ul>","protected":false},"featured_media":987941,"comment_status":"closed","ping_status":"closed","template":"","meta":{"_acf_changed":false},"product_brand":[],"product_cat":[230,229],"product_tag":[],"class_list":{"0":"post-987887","1":"product","2":"type-product","3":"status-publish","4":"has-post-thumbnail","6":"product_cat-sukienki-wszystkie","7":"product_cat-wszystkie","9":"first","10":"instock","11":"taxable","12":"shipping-taxable","13":"purchasable","14":"product-type-variable"},"acf":[],"_links":{"self":[{"href":"https:\/\/dev.pat-sege.com\/en\/wp-json\/wp\/v2\/product\/987887","targetHints":{"allow":["GET"]}}],"collection":[{"href":"https:\/\/dev.pat-sege.com\/en\/wp-json\/wp\/v2\/product"}],"about":[{"href":"https:\/\/dev.pat-sege.com\/en\/wp-json\/wp\/v2\/types\/product"}],"replies":[{"embeddable":true,"href":"https:\/\/dev.pat-sege.com\/en\/wp-json\/wp\/v2\/comments?post=987887"}],"wp:featuredmedia":[{"embeddable":true,"href":"https:\/\/dev.pat-sege.com\/en\/wp-json\/wp\/v2\/media\/987941"}],"wp:attachment":[{"href":"https:\/\/dev.pat-sege.com\/en\/wp-json\/wp\/v2\/media?parent=987887"}],"wp:term":[{"taxonomy":"product_brand","embeddable":true,"href":"https:\/\/dev.pat-sege.com\/en\/wp-json\/wp\/v2\/product_brand?post=987887"},{"taxonomy":"product_cat","embeddable":true,"href":"https:\/\/dev.pat-sege.com\/en\/wp-json\/wp\/v2\/product_cat?post=987887"},{"taxonomy":"product_tag","embeddable":true,"href":"https:\/\/dev.pat-sege.com\/en\/wp-json\/wp\/v2\/product_tag?post=987887"}],"curies":[{"name":"wp","href":"https:\/\/api.w.org\/{rel}","templated":true}]}}