{"id":987880,"date":"2026-03-16T22:56:14","date_gmt":"2026-03-16T21:56:14","guid":{"rendered":"https:\/\/dev.pat-sege.com\/?post_type=product&#038;p=987880"},"modified":"2026-03-22T13:15:29","modified_gmt":"2026-03-22T12:15:29","slug":"rozowa-sukienka-whispering-flower","status":"publish","type":"product","link":"https:\/\/dev.pat-sege.com\/en\/sklep\/wszystkie\/sukienki-wszystkie\/rozowa-sukienka-whispering-flower\/","title":{"rendered":"R\u00d3\u017bOWA SUKIENKA WHISPERING FLOWER"},"content":{"rendered":"<div class=\"vgblk-rw-wrapper limit-wrapper\">R\u00f3\u017cowa sukienka w kwiaty z mu\u015blinowym ko\u0142nierzem z eleganckimi zak\u0142adkami. Zosta\u0142a wykonana z delikatnej bawe\u0142ny pr\u0105\u017ckowanej, kt\u00f3ra zapewnia swobod\u0119 noszenia. Sukienka posiada aksamitne kokardki, kt\u00f3re dodaj\u0105 ca\u0142o\u015bci dziewcz\u0119cego charakteru. Doskona\u0142a na ka\u017cd\u0105 okazj\u0119 &#8211; sprawdzi si\u0119 zar\u00f3wno podczas przyj\u0119\u0107 oraz jako element codziennych stylizacji. <\/div>\n<p><!-- .vgblk-rw-wrapper --><\/p>","protected":false},"excerpt":{"rendered":"<ul>\n<li class=\"p1\">Delikatna, r\u00f3\u017cowa bawe\u0142na w kwiatowy wz\u00f3r<\/li>\n<li class=\"p1\">Ozdobny, mu\u015blinowy ko\u0142nierz z eleganckimi zak\u0142adkami<\/li>\n<li class=\"p1\">Subtelne, aksamitne kokardki<\/li>\n<li class=\"p1\">Styl: Dziewcz\u0119cy, idealna na ka\u017cd\u0105 okazj\u0119 \u2013 zar\u00f3wno na przyj\u0119cia, jak i codzienne stylizacje<\/li>\n<\/ul>","protected":false},"featured_media":987917,"comment_status":"closed","ping_status":"closed","template":"","meta":{"_acf_changed":false},"product_brand":[],"product_cat":[230,229],"product_tag":[],"class_list":{"0":"post-987880","1":"product","2":"type-product","3":"status-publish","4":"has-post-thumbnail","6":"product_cat-sukienki-wszystkie","7":"product_cat-wszystkie","9":"first","10":"instock","11":"taxable","12":"shipping-taxable","13":"purchasable","14":"product-type-variable"},"acf":[],"_links":{"self":[{"href":"https:\/\/dev.pat-sege.com\/en\/wp-json\/wp\/v2\/product\/987880","targetHints":{"allow":["GET"]}}],"collection":[{"href":"https:\/\/dev.pat-sege.com\/en\/wp-json\/wp\/v2\/product"}],"about":[{"href":"https:\/\/dev.pat-sege.com\/en\/wp-json\/wp\/v2\/types\/product"}],"replies":[{"embeddable":true,"href":"https:\/\/dev.pat-sege.com\/en\/wp-json\/wp\/v2\/comments?post=987880"}],"wp:featuredmedia":[{"embeddable":true,"href":"https:\/\/dev.pat-sege.com\/en\/wp-json\/wp\/v2\/media\/987917"}],"wp:attachment":[{"href":"https:\/\/dev.pat-sege.com\/en\/wp-json\/wp\/v2\/media?parent=987880"}],"wp:term":[{"taxonomy":"product_brand","embeddable":true,"href":"https:\/\/dev.pat-sege.com\/en\/wp-json\/wp\/v2\/product_brand?post=987880"},{"taxonomy":"product_cat","embeddable":true,"href":"https:\/\/dev.pat-sege.com\/en\/wp-json\/wp\/v2\/product_cat?post=987880"},{"taxonomy":"product_tag","embeddable":true,"href":"https:\/\/dev.pat-sege.com\/en\/wp-json\/wp\/v2\/product_tag?post=987880"}],"curies":[{"name":"wp","href":"https:\/\/api.w.org\/{rel}","templated":true}]}}