{"id":987875,"date":"2026-03-16T22:56:14","date_gmt":"2026-03-16T21:56:14","guid":{"rendered":"https:\/\/dev.pat-sege.com\/?post_type=product&#038;p=987875"},"modified":"2026-03-22T13:15:40","modified_gmt":"2026-03-22T12:15:40","slug":"marynarka-navy-nostalgia","status":"publish","type":"product","link":"https:\/\/dev.pat-sege.com\/en\/sklep\/wszystkie\/kurtki-i-marynarki-wszystkie\/marynarka-navy-nostalgia\/","title":{"rendered":"MARYNARKA NAVY NOSTALGIA"},"content":{"rendered":"<div class=\"vgblk-rw-wrapper limit-wrapper\">Elegancka marynarka oversize w klasyczn\u0105 granatowo-czarn\u0105 krat\u0119, kt\u00f3ra \u0142\u0105czy styl i wygod\u0119. Posiada du\u017cy bawe\u0142niany ko\u0142nierz wyko\u0144czony zak\u0142adkami oraz ozdobne per\u0142owe guziki, kt\u00f3re dodaj\u0105 jej wyj\u0105tkowo modnego charakteru. Wewn\u0119trzna podszewka zosta\u0142a wykonana z oddychaj\u0105cej, przyjemnej w dotyku wiskozy, zapewniaj\u0105c komfort noszenia przez ca\u0142y dzie\u0144. Idealna jako element zar\u00f3wno codziennych, jak i wieczornych stylizacji. Marynarka zosta\u0142a zaprojektowana w duchu mody zr\u00f3wnowa\u017conej we wsp\u00f3\u0142pracy z ma\u0142\u0105 pracowni\u0105 krawieck\u0105 we Wroc\u0142awiu. Idealna jako okrycie wierzchnie dla <a href=\"https:\/\/pat-sege.com\/produkt\/czarna-sukienka-na-wesele\/\"> sukienki Midnight Bow <\/a>.\n<\/div>\n<p><!-- .vgblk-rw-wrapper --><\/p>","protected":false},"excerpt":{"rendered":"<ul>\n<li>Klasyczna granatowo-czarna krata<\/li>\n<li>Lu\u017any kr\u00f3j &#8211; one size<\/li>\n<li>Du\u017cy, bawe\u0142niany ko\u0142nierz wyko\u0144czony zak\u0142adkami<\/li>\n<li>Ozdobne per\u0142owe guziki<\/li>\n<li>Podszewka wykonana z oddychaj\u0105cej, przyjemnej w dotyku wiskozy<\/li>\n<li>Styl: Elegancka i modna, pasuje do codziennych oraz wieczornych stylizacji<\/li>\n<\/ul>","protected":false},"featured_media":987907,"comment_status":"closed","ping_status":"closed","template":"","meta":{"_acf_changed":false},"product_brand":[],"product_cat":[231,229],"product_tag":[],"class_list":{"0":"post-987875","1":"product","2":"type-product","3":"status-publish","4":"has-post-thumbnail","6":"product_cat-kurtki-i-marynarki-wszystkie","7":"product_cat-wszystkie","9":"first","10":"instock","11":"taxable","12":"shipping-taxable","13":"purchasable","14":"product-type-simple"},"acf":[],"_links":{"self":[{"href":"https:\/\/dev.pat-sege.com\/en\/wp-json\/wp\/v2\/product\/987875","targetHints":{"allow":["GET"]}}],"collection":[{"href":"https:\/\/dev.pat-sege.com\/en\/wp-json\/wp\/v2\/product"}],"about":[{"href":"https:\/\/dev.pat-sege.com\/en\/wp-json\/wp\/v2\/types\/product"}],"replies":[{"embeddable":true,"href":"https:\/\/dev.pat-sege.com\/en\/wp-json\/wp\/v2\/comments?post=987875"}],"wp:featuredmedia":[{"embeddable":true,"href":"https:\/\/dev.pat-sege.com\/en\/wp-json\/wp\/v2\/media\/987907"}],"wp:attachment":[{"href":"https:\/\/dev.pat-sege.com\/en\/wp-json\/wp\/v2\/media?parent=987875"}],"wp:term":[{"taxonomy":"product_brand","embeddable":true,"href":"https:\/\/dev.pat-sege.com\/en\/wp-json\/wp\/v2\/product_brand?post=987875"},{"taxonomy":"product_cat","embeddable":true,"href":"https:\/\/dev.pat-sege.com\/en\/wp-json\/wp\/v2\/product_cat?post=987875"},{"taxonomy":"product_tag","embeddable":true,"href":"https:\/\/dev.pat-sege.com\/en\/wp-json\/wp\/v2\/product_tag?post=987875"}],"curies":[{"name":"wp","href":"https:\/\/api.w.org\/{rel}","templated":true}]}}