{"id":987867,"date":"2026-03-16T22:56:14","date_gmt":"2026-03-16T21:56:14","guid":{"rendered":"https:\/\/dev.pat-sege.com\/?post_type=product&#038;p=987867"},"modified":"2026-03-24T09:59:55","modified_gmt":"2026-03-24T08:59:55","slug":"sukienka-w-kwiaty-blue-harmony","status":"publish","type":"product","link":"https:\/\/dev.pat-sege.com\/en\/sklep\/wszystkie\/sukienki-wszystkie\/sukienka-w-kwiaty-blue-harmony\/","title":{"rendered":"SUKIENKA BLUE HARMONY"},"content":{"rendered":"<div class=\"vgblk-rw-wrapper limit-wrapper\">Sukienka Blue Harmony to letni model w dw\u00f3ch odcieniach niebieskiej bawe\u0142ny organicznej, kt\u00f3ry idealnie wpisuje si\u0119 w romantyczny styl boho i cottagecore. Subtelne detale \u2014 elegancki ko\u0142nierzyk z zak\u0142adkami i per\u0142owe guziki \u2014 nadaj\u0105 jej lekko\u015bci i kobieco\u015bci, a podw\u00f3jna falbana u do\u0142u to detal, kt\u00f3ry wyr\u00f3\u017cnia j\u0105 spo\u015br\u00f3d innych modeli. Lu\u017any kr\u00f3j zapewnia wygod\u0119 nawet w najcieplejsze dni.<\/div>\n<p><!-- .vgblk-rw-wrapper --><\/p>","protected":false},"excerpt":{"rendered":"<ul>\n<li>Materia\u0142: bawe\u0142na organiczna<\/li>\n<li>Kolor: niebieski (dwa odcienie)<\/li>\n<li>Wz\u00f3r: kwiatowy<\/li>\n<li>Kr\u00f3j: lu\u017any \u2014 zalecamy sprawdzenie tabeli rozmiar\u00f3w<\/li>\n<li>Detale: ko\u0142nierzyk z zak\u0142adkami, per\u0142owe guziki, podw\u00f3jna falbana u do\u0142u<\/li>\n<li>Styl: boho, cottagecore<\/li>\n<\/ul>","protected":false},"featured_media":987897,"comment_status":"closed","ping_status":"closed","template":"","meta":{"_acf_changed":false},"product_brand":[],"product_cat":[230,229],"product_tag":[],"class_list":{"0":"post-987867","1":"product","2":"type-product","3":"status-publish","4":"has-post-thumbnail","6":"product_cat-sukienki-wszystkie","7":"product_cat-wszystkie","9":"first","10":"instock","11":"taxable","12":"shipping-taxable","13":"purchasable","14":"product-type-variable"},"acf":[],"_links":{"self":[{"href":"https:\/\/dev.pat-sege.com\/en\/wp-json\/wp\/v2\/product\/987867","targetHints":{"allow":["GET"]}}],"collection":[{"href":"https:\/\/dev.pat-sege.com\/en\/wp-json\/wp\/v2\/product"}],"about":[{"href":"https:\/\/dev.pat-sege.com\/en\/wp-json\/wp\/v2\/types\/product"}],"replies":[{"embeddable":true,"href":"https:\/\/dev.pat-sege.com\/en\/wp-json\/wp\/v2\/comments?post=987867"}],"wp:featuredmedia":[{"embeddable":true,"href":"https:\/\/dev.pat-sege.com\/en\/wp-json\/wp\/v2\/media\/987897"}],"wp:attachment":[{"href":"https:\/\/dev.pat-sege.com\/en\/wp-json\/wp\/v2\/media?parent=987867"}],"wp:term":[{"taxonomy":"product_brand","embeddable":true,"href":"https:\/\/dev.pat-sege.com\/en\/wp-json\/wp\/v2\/product_brand?post=987867"},{"taxonomy":"product_cat","embeddable":true,"href":"https:\/\/dev.pat-sege.com\/en\/wp-json\/wp\/v2\/product_cat?post=987867"},{"taxonomy":"product_tag","embeddable":true,"href":"https:\/\/dev.pat-sege.com\/en\/wp-json\/wp\/v2\/product_tag?post=987867"}],"curies":[{"name":"wp","href":"https:\/\/api.w.org\/{rel}","templated":true}]}}