{"id":987863,"date":"2026-03-16T22:56:13","date_gmt":"2026-03-16T21:56:13","guid":{"rendered":"https:\/\/dev.pat-sege.com\/?post_type=product&#038;p=987863"},"modified":"2026-03-22T13:15:52","modified_gmt":"2026-03-22T12:15:52","slug":"sukienka-blossom-pink","status":"publish","type":"product","link":"https:\/\/dev.pat-sege.com\/en\/sklep\/wszystkie\/sukienki-wszystkie\/sukienka-blossom-pink\/","title":{"rendered":"Sukienka BLOSSOM PINK"},"content":{"rendered":"<div class=\"vgblk-rw-wrapper limit-wrapper\">Ta zwiewna r\u00f3\u017cowa sukienka zosta\u0142a stworzona z mi\u0119kkiej bawe\u0142ny organicznej, kt\u00f3ra zapewnia wyj\u0105tkowy komfort podczas noszenia. Bufiaste r\u0119kawy oraz zak\u0142adki na dole sukienki nadaj\u0105 jej subtelno\u015bci. Wi\u0105zana na plecach kokarda dodaje dziewcz\u0119cego uroku oraz umo\u017cliwia dopasowanie sukienki do sylwetki. Sukienka posiada lu\u017any kr\u00f3j &#8211; zalecamy sprawdzenie tabeli rozmiar\u00f3w.<\/div>\n<p><!-- .vgblk-rw-wrapper --><\/p>","protected":false},"excerpt":{"rendered":"<ul>\n<li>Mi\u0119kka bawe\u0142na organiczna w kwiatowy wz\u00f3r<\/li>\n<li>Fason: zwiewny, lu\u017any<\/li>\n<li>Bufiaste r\u0119kawy<\/li>\n<li>Detale: zak\u0142adki na dole sukienki, kokarda wi\u0105zana na plecach<\/li>\n<li>Subtelna, dziewcz\u0119ca<\/li>\n<\/ul>","protected":false},"featured_media":987892,"comment_status":"closed","ping_status":"closed","template":"","meta":{"_acf_changed":false},"product_brand":[],"product_cat":[230,229],"product_tag":[],"class_list":{"0":"post-987863","1":"product","2":"type-product","3":"status-publish","4":"has-post-thumbnail","6":"product_cat-sukienki-wszystkie","7":"product_cat-wszystkie","9":"first","10":"instock","11":"taxable","12":"shipping-taxable","13":"purchasable","14":"product-type-variable"},"acf":[],"_links":{"self":[{"href":"https:\/\/dev.pat-sege.com\/en\/wp-json\/wp\/v2\/product\/987863","targetHints":{"allow":["GET"]}}],"collection":[{"href":"https:\/\/dev.pat-sege.com\/en\/wp-json\/wp\/v2\/product"}],"about":[{"href":"https:\/\/dev.pat-sege.com\/en\/wp-json\/wp\/v2\/types\/product"}],"replies":[{"embeddable":true,"href":"https:\/\/dev.pat-sege.com\/en\/wp-json\/wp\/v2\/comments?post=987863"}],"wp:featuredmedia":[{"embeddable":true,"href":"https:\/\/dev.pat-sege.com\/en\/wp-json\/wp\/v2\/media\/987892"}],"wp:attachment":[{"href":"https:\/\/dev.pat-sege.com\/en\/wp-json\/wp\/v2\/media?parent=987863"}],"wp:term":[{"taxonomy":"product_brand","embeddable":true,"href":"https:\/\/dev.pat-sege.com\/en\/wp-json\/wp\/v2\/product_brand?post=987863"},{"taxonomy":"product_cat","embeddable":true,"href":"https:\/\/dev.pat-sege.com\/en\/wp-json\/wp\/v2\/product_cat?post=987863"},{"taxonomy":"product_tag","embeddable":true,"href":"https:\/\/dev.pat-sege.com\/en\/wp-json\/wp\/v2\/product_tag?post=987863"}],"curies":[{"name":"wp","href":"https:\/\/api.w.org\/{rel}","templated":true}]}}