{"id":736,"date":"2023-12-29T09:27:18","date_gmt":"2023-12-29T09:27:18","guid":{"rendered":"https:\/\/innovecouture.vamtam.com\/?page_id=736"},"modified":"2026-03-17T19:30:06","modified_gmt":"2026-03-17T18:30:06","slug":"delivery-and-returns","status":"publish","type":"page","link":"https:\/\/dev.pat-sege.com\/en\/delivery-and-returns\/","title":{"rendered":"Delivery"},"content":{"rendered":"<div data-elementor-type=\"wp-page\" data-elementor-id=\"736\" class=\"elementor elementor-736\" data-elementor-post-type=\"page\">\n\t\t\t\t<div class=\"elementor-element elementor-element-29533e4 e-flex e-con-boxed e-con e-parent\" data-id=\"29533e4\" data-element_type=\"container\" data-e-type=\"container\">\n\t\t\t\t\t<div class=\"e-con-inner\">\n\t\t\t\t<div class=\"elementor-element elementor-element-f64e558 elementor-widget elementor-widget-heading\" data-id=\"f64e558\" data-element_type=\"widget\" data-e-type=\"widget\" data-widget_type=\"heading.default\">\n\t\t\t\t<div class=\"elementor-widget-container\">\n\t\t\t\t\t<h5 class=\"elementor-heading-title elementor-size-default\">Dostawa w Polsce\u200b<\/h5>\t\t\t\t<\/div>\n\t\t\t\t<\/div>\n\t\t\t\t<div class=\"vamtam-has-theme-widget-styles elementor-element elementor-element-50f0578 elementor-widget elementor-widget-text-editor\" data-id=\"50f0578\" data-element_type=\"widget\" data-e-type=\"widget\" data-widget_type=\"text-editor.default\">\n\t\t\t\t<div class=\"elementor-widget-container\">\n\t\t\t\t\t\t\t\t\t<p class=\"p1\">Przesy\u0142ki wysy\u0142ane s\u0105 na terenie Polski za po\u015brednictwem:<\/p><ul><li>DPD \u2013 1-2 dni robocze \u2013 16,99 z\u0142<\/li><li>Paczkomaty Inpost \u2013 1-2 dni robocze \u2013 16,99 z\u0142<\/li><li>Kurier Inpost \u2013 1 \u20132 dni robocze \u2013 19,99 z\u0142<\/li><\/ul><p>Zam\u00f3wienia powy\u017cej 1500 z\u0142 wysy\u0142ane s\u0105 na nasz koszt.<span class=\"s1\"><br \/><\/span><\/p>\t\t\t\t\t\t\t\t<\/div>\n\t\t\t\t<\/div>\n\t\t\t\t<div class=\"elementor-element elementor-element-2a445a9 elementor-widget-divider--view-line elementor-widget elementor-widget-divider\" data-id=\"2a445a9\" data-element_type=\"widget\" data-e-type=\"widget\" data-widget_type=\"divider.default\">\n\t\t\t\t<div class=\"elementor-widget-container\">\n\t\t\t\t\t\t\t<div class=\"elementor-divider\">\n\t\t\t<span class=\"elementor-divider-separator\">\n\t\t\t\t\t\t<\/span>\n\t\t<\/div>\n\t\t\t\t\t\t<\/div>\n\t\t\t\t<\/div>\n\t\t\t\t<div class=\"elementor-element elementor-element-e08af05 elementor-widget elementor-widget-heading\" data-id=\"e08af05\" data-element_type=\"widget\" data-e-type=\"widget\" data-widget_type=\"heading.default\">\n\t\t\t\t<div class=\"elementor-widget-container\">\n\t\t\t\t\t<h5 class=\"elementor-heading-title elementor-size-default\">Dostawa w Europie\u200b<\/h5>\t\t\t\t<\/div>\n\t\t\t\t<\/div>\n\t\t\t\t<div class=\"vamtam-has-theme-widget-styles elementor-element elementor-element-9cd6c24 elementor-widget elementor-widget-text-editor\" data-id=\"9cd6c24\" data-element_type=\"widget\" data-e-type=\"widget\" data-widget_type=\"text-editor.default\">\n\t\t\t\t<div class=\"elementor-widget-container\">\n\t\t\t\t\t\t\t\t\t<ul><li class=\"p1\">DHL \u2013 3 &#8211; 7 dni roboczych <span class=\"s1\"><br \/><\/span><\/li><li class=\"p1\">Niemcy, Austria, Rumunia, Czechy \u2013 10 EUR<\/li><li class=\"p2\">Norwegia, Szwajcaria \u2013 30 EUR<\/li><li class=\"p2\">Szwecja \u2013 20 EUR<\/li><li class=\"p2\">Wielka Brytania \u2013 41 EUR<\/li><li class=\"p2\">Pozosta\u0142e kraje &#8211; 15 EUR<\/li><\/ul>\t\t\t\t\t\t\t\t<\/div>\n\t\t\t\t<\/div>\n\t\t\t\t<div class=\"elementor-element elementor-element-4002085 elementor-widget-divider--view-line elementor-widget elementor-widget-divider\" data-id=\"4002085\" data-element_type=\"widget\" data-e-type=\"widget\" data-widget_type=\"divider.default\">\n\t\t\t\t<div class=\"elementor-widget-container\">\n\t\t\t\t\t\t\t<div class=\"elementor-divider\">\n\t\t\t<span class=\"elementor-divider-separator\">\n\t\t\t\t\t\t<\/span>\n\t\t<\/div>\n\t\t\t\t\t\t<\/div>\n\t\t\t\t<\/div>\n\t\t\t\t<div class=\"elementor-element elementor-element-73da8d1 elementor-widget elementor-widget-heading\" data-id=\"73da8d1\" data-element_type=\"widget\" data-e-type=\"widget\" data-widget_type=\"heading.default\">\n\t\t\t\t<div class=\"elementor-widget-container\">\n\t\t\t\t\t<h5 class=\"elementor-heading-title elementor-size-default\">Dostawa w Europie\u200b<\/h5>\t\t\t\t<\/div>\n\t\t\t\t<\/div>\n\t\t\t\t<div class=\"vamtam-has-theme-widget-styles elementor-element elementor-element-7d28284 elementor-widget elementor-widget-text-editor\" data-id=\"7d28284\" data-element_type=\"widget\" data-e-type=\"widget\" data-widget_type=\"text-editor.default\">\n\t\t\t\t<div class=\"elementor-widget-container\">\n\t\t\t\t\t\t\t\t\t<ul><li class=\"p1\"><span class=\"s1\">USA: 35 EUR<\/span><span class=\"s2\"><br \/><\/span><span class=\"s1\">Fedex \u2013 5 \u2013 7 dni roboczych <\/span><\/li><\/ul><p><span class=\"s1\">Zam\u00f3wienia powy\u017cej 330 EUR wysy\u0142ane s\u0105 na nasz koszt.<\/span><\/p><p><span class=\"s1\">Koszty dostawy do poszczeg\u00f3lnych kraj\u00f3w niewymienionych powy\u017cej s\u0105 widoczne po wpisaniu adresu dostawy podczas sk\u0142adania zam\u00f3wienia.<\/span><\/p><p>Wysy\u0142ka zagraniczna mo\u017ce podlega\u0107 dodatkowym op\u0142atom celno \u2013 podatkowym, zgodnie z obowi\u0105zuj\u0105cymi przepisami w kraju kupuj\u0105cego. Koszty te nie s\u0105 uwzgl\u0119dnione w og\u00f3lnych kosztach wysy\u0142ki, a kupuj\u0105cy jest zobowi\u0105zany do zap\u0142aty wszelkich op\u0142at celnych i podatkowych zwi\u0105zanych z importem towar\u00f3w.<\/p>\t\t\t\t\t\t\t\t<\/div>\n\t\t\t\t<\/div>\n\t\t\t\t\t<\/div>\n\t\t\t\t<\/div>\n\t\t\t\t<\/div>","protected":false},"excerpt":{"rendered":"<p>Informacje o dostawach <\/p>","protected":false},"author":1,"featured_media":0,"parent":0,"menu_order":0,"comment_status":"closed","ping_status":"closed","template":"","meta":{"_acf_changed":false,"footnotes":""},"class_list":["post-736","page","type-page","status-publish","hentry"],"acf":[],"_links":{"self":[{"href":"https:\/\/dev.pat-sege.com\/en\/wp-json\/wp\/v2\/pages\/736","targetHints":{"allow":["GET"]}}],"collection":[{"href":"https:\/\/dev.pat-sege.com\/en\/wp-json\/wp\/v2\/pages"}],"about":[{"href":"https:\/\/dev.pat-sege.com\/en\/wp-json\/wp\/v2\/types\/page"}],"author":[{"embeddable":true,"href":"https:\/\/dev.pat-sege.com\/en\/wp-json\/wp\/v2\/users\/1"}],"replies":[{"embeddable":true,"href":"https:\/\/dev.pat-sege.com\/en\/wp-json\/wp\/v2\/comments?post=736"}],"version-history":[{"count":9,"href":"https:\/\/dev.pat-sege.com\/en\/wp-json\/wp\/v2\/pages\/736\/revisions"}],"predecessor-version":[{"id":988216,"href":"https:\/\/dev.pat-sege.com\/en\/wp-json\/wp\/v2\/pages\/736\/revisions\/988216"}],"wp:attachment":[{"href":"https:\/\/dev.pat-sege.com\/en\/wp-json\/wp\/v2\/media?parent=736"}],"curies":[{"name":"wp","href":"https:\/\/api.w.org\/{rel}","templated":true}]}}